{"id":3864,"date":"2025-07-11T12:57:30","date_gmt":"2025-07-11T10:57:30","guid":{"rendered":"https:\/\/de.krupinskicranes.com\/?page_id=3864"},"modified":"2025-07-11T14:27:28","modified_gmt":"2025-07-11T12:27:28","slug":"szk320","status":"publish","type":"page","link":"https:\/\/de.krupinskicranes.com\/en\/saulenschwenkkrane\/szk320\/","title":{"rendered":"SZK320"},"content":{"rendered":"<div data-elementor-type=\"wp-page\" data-elementor-id=\"3864\" class=\"elementor elementor-3864\" data-elementor-settings=\"[]\">\n\t\t\t<div class=\"elementor-inner\">\n\t\t\t\t<div class=\"elementor-section-wrap\">\n\t\t\t\t\t\t\t<section class=\"elementor-element elementor-element-34e0520b elementor-section-boxed elementor-section-height-default elementor-section-height-default elementor-section elementor-top-section\" data-id=\"34e0520b\" data-element_type=\"section\">\n\t\t\t\t\t\t<div class=\"elementor-container elementor-column-gap-default\">\n\t\t\t\t<div class=\"elementor-row\">\n\t\t\t\t<div class=\"elementor-element elementor-element-79b08655 elementor-column elementor-col-100 elementor-top-column\" data-id=\"79b08655\" data-element_type=\"column\">\n\t\t\t<div class=\"elementor-column-wrap  elementor-element-populated\">\n\t\t\t\t\t<div class=\"elementor-widget-wrap\">\n\t\t\t\t<div class=\"elementor-element elementor-element-78c3fcf elementor-widget elementor-widget-spacer\" data-id=\"78c3fcf\" data-element_type=\"widget\" data-widget_type=\"spacer.default\">\n\t\t\t\t<div class=\"elementor-widget-container\">\n\t\t\t\t\t<div class=\"elementor-spacer\">\n\t\t\t<div class=\"elementor-spacer-inner\"><\/div>\n\t\t<\/div>\n\t\t\t\t<\/div>\n\t\t\t\t<\/div>\n\t\t\t\t<div class=\"elementor-element elementor-element-561a2cf2 elementor-widget elementor-widget-heading\" data-id=\"561a2cf2\" data-element_type=\"widget\" data-widget_type=\"heading.default\">\n\t\t\t\t<div class=\"elementor-widget-container\">\n\t\t\t<h2 class=\"elementor-heading-title elementor-size-default\">SZK320<\/h2>\t\t<\/div>\n\t\t\t\t<\/div>\n\t\t\t\t<div class=\"elementor-element elementor-element-42db5fa8 elementor-widget elementor-widget-text-editor\" data-id=\"42db5fa8\" data-element_type=\"widget\" data-widget_type=\"text-editor.default\">\n\t\t\t\t<div class=\"elementor-widget-container\">\n\t\t\t\t\t<div class=\"elementor-text-editor elementor-clearfix\"><p class=\"p1\">Ein neues Produkt im Portfolio von Krupinski Cranes ist der S\u00e4ulenschwenkkran SZK320 mit einer linearen Tragf\u00e4higkeit von bis zu 20 Tonnen. Es ist der einzige Kran dieser Gr\u00f6\u00dfe, der in Polen hergestellt wird. Konzept, Design und Produktion \u2013 Krupinski Cranes.<\/p><\/div>\n\t\t\t\t<\/div>\n\t\t\t\t<\/div>\n\t\t\t\t<div class=\"elementor-element elementor-element-32b2e3ca elementor-widget elementor-widget-spacer\" data-id=\"32b2e3ca\" data-element_type=\"widget\" data-widget_type=\"spacer.default\">\n\t\t\t\t<div class=\"elementor-widget-container\">\n\t\t\t\t\t<div class=\"elementor-spacer\">\n\t\t\t<div class=\"elementor-spacer-inner\"><\/div>\n\t\t<\/div>\n\t\t\t\t<\/div>\n\t\t\t\t<\/div>\n\t\t\t\t\t\t<\/div>\n\t\t\t<\/div>\n\t\t<\/div>\n\t\t\t\t\t\t<\/div>\n\t\t\t<\/div>\n\t\t<\/section>\n\t\t\t\t<section class=\"elementor-element elementor-element-388f8afc elementor-section-boxed elementor-section-height-default elementor-section-height-default elementor-section elementor-top-section\" data-id=\"388f8afc\" data-element_type=\"section\">\n\t\t\t\t\t\t<div class=\"elementor-container elementor-column-gap-default\">\n\t\t\t\t<div class=\"elementor-row\">\n\t\t\t\t<div class=\"elementor-element elementor-element-46666e79 elementor-column elementor-col-50 elementor-top-column\" data-id=\"46666e79\" data-element_type=\"column\">\n\t\t\t<div class=\"elementor-column-wrap  elementor-element-populated\">\n\t\t\t\t\t<div class=\"elementor-widget-wrap\">\n\t\t\t\t<div class=\"elementor-element elementor-element-dd295f2 elementor-arrows-position-inside elementor-pagination-position-outside elementor-widget elementor-widget-image-carousel\" data-id=\"dd295f2\" data-element_type=\"widget\" data-settings=\"{&quot;slides_to_show&quot;:&quot;1&quot;,&quot;autoplay&quot;:&quot;no&quot;,&quot;navigation&quot;:&quot;both&quot;,&quot;pause_on_hover&quot;:&quot;yes&quot;,&quot;autoplay_speed&quot;:5000,&quot;infinite&quot;:&quot;yes&quot;,&quot;effect&quot;:&quot;slide&quot;,&quot;speed&quot;:500,&quot;direction&quot;:&quot;ltr&quot;}\" data-widget_type=\"image-carousel.default\">\n\t\t\t\t<div class=\"elementor-widget-container\">\n\t\t\t\t\t<div class=\"elementor-image-carousel-wrapper swiper-container\" dir=\"ltr\">\n\t\t\t<div class=\"elementor-image-carousel swiper-wrapper\">\n\t\t\t\t<div class=\"swiper-slide\"><figure class=\"swiper-slide-inner\"><img class=\"swiper-slide-image\" src=\"https:\/\/de.krupinskicranes.com\/wp-content\/uploads\/2025\/07\/szk320-00-470x470.png\" alt=\"szk320-00\" \/><\/figure><\/div><div class=\"swiper-slide\"><figure class=\"swiper-slide-inner\"><img class=\"swiper-slide-image\" src=\"https:\/\/de.krupinskicranes.com\/wp-content\/uploads\/2025\/07\/szk320-02-470x470.jpg\" alt=\"szk320-02\" \/><\/figure><\/div><div class=\"swiper-slide\"><figure class=\"swiper-slide-inner\"><img class=\"swiper-slide-image\" src=\"https:\/\/de.krupinskicranes.com\/wp-content\/uploads\/2025\/07\/szk320-01-470x470.jpg\" alt=\"szk320-01\" \/><\/figure><\/div>\t\t\t<\/div>\n\t\t\t\t\t\t\t\t\t\t\t\t<div class=\"swiper-pagination\"><\/div>\n\t\t\t\t\t\t\t\t\t\t\t\t\t<div class=\"elementor-swiper-button elementor-swiper-button-prev\">\n\t\t\t\t\t\t<i class=\"eicon-chevron-left\" aria-hidden=\"true\"><\/i>\n\t\t\t\t\t\t<span class=\"elementor-screen-only\">Previous<\/span>\n\t\t\t\t\t<\/div>\n\t\t\t\t\t<div class=\"elementor-swiper-button elementor-swiper-button-next\">\n\t\t\t\t\t\t<i class=\"eicon-chevron-right\" aria-hidden=\"true\"><\/i>\n\t\t\t\t\t\t<span class=\"elementor-screen-only\">Next<\/span>\n\t\t\t\t\t<\/div>\n\t\t\t\t\t\t\t\t\t<\/div>\n\t\t\t\t<\/div>\n\t\t\t\t<\/div>\n\t\t\t\t\t\t<\/div>\n\t\t\t<\/div>\n\t\t<\/div>\n\t\t\t\t<div class=\"elementor-element elementor-element-19bdba7c elementor-column elementor-col-50 elementor-top-column\" data-id=\"19bdba7c\" data-element_type=\"column\">\n\t\t\t<div class=\"elementor-column-wrap  elementor-element-populated\">\n\t\t\t\t\t<div class=\"elementor-widget-wrap\">\n\t\t\t\t<section class=\"elementor-element elementor-element-54945693 elementor-section-boxed elementor-section-height-default elementor-section-height-default elementor-section elementor-inner-section\" data-id=\"54945693\" data-element_type=\"section\">\n\t\t\t\t\t\t<div class=\"elementor-container elementor-column-gap-default\">\n\t\t\t\t<div class=\"elementor-row\">\n\t\t\t\t<div class=\"elementor-element elementor-element-431e05b elementor-column elementor-col-50 elementor-inner-column\" data-id=\"431e05b\" data-element_type=\"column\">\n\t\t\t<div class=\"elementor-column-wrap  elementor-element-populated\">\n\t\t\t\t\t<div class=\"elementor-widget-wrap\">\n\t\t\t\t<div class=\"elementor-element elementor-element-73f71598 elementor-widget elementor-widget-text-editor\" data-id=\"73f71598\" data-element_type=\"widget\" data-widget_type=\"text-editor.default\">\n\t\t\t\t<div class=\"elementor-widget-container\">\n\t\t\t\t\t<div class=\"elementor-text-editor elementor-clearfix\"><p>Normen<\/p><p>Maximallast<\/p><p>Maximale Ausladung<\/p><p>Last an der Spitze<\/p><\/div>\n\t\t\t\t<\/div>\n\t\t\t\t<\/div>\n\t\t\t\t\t\t<\/div>\n\t\t\t<\/div>\n\t\t<\/div>\n\t\t\t\t<div class=\"elementor-element elementor-element-355127a0 elementor-column elementor-col-50 elementor-inner-column\" data-id=\"355127a0\" data-element_type=\"column\">\n\t\t\t<div class=\"elementor-column-wrap  elementor-element-populated\">\n\t\t\t\t\t<div class=\"elementor-widget-wrap\">\n\t\t\t\t<div class=\"elementor-element elementor-element-7f9b3710 elementor-widget elementor-widget-text-editor\" data-id=\"7f9b3710\" data-element_type=\"widget\" data-widget_type=\"text-editor.default\">\n\t\t\t\t<div class=\"elementor-widget-container\">\n\t\t\t\t\t<div class=\"elementor-text-editor elementor-clearfix\"><p style=\"text-align: right;\"><b>EN 14439<\/b><\/p><p style=\"text-align: right;\"><b style=\"letter-spacing: 0em;\">bis zu 20,000 kg<\/b><\/p><p style=\"text-align: right;\"><b style=\"letter-spacing: 0em;\">bis zu 20 m<\/b><\/p><p style=\"text-align: right;\"><b style=\"letter-spacing: 0em;\">bis zu 20,000 kg\u00a0<\/b><\/p><\/div>\n\t\t\t\t<\/div>\n\t\t\t\t<\/div>\n\t\t\t\t\t\t<\/div>\n\t\t\t<\/div>\n\t\t<\/div>\n\t\t\t\t\t\t<\/div>\n\t\t\t<\/div>\n\t\t<\/section>\n\t\t\t\t<div class=\"elementor-element elementor-element-10231359 elementor-widget elementor-widget-spacer\" data-id=\"10231359\" data-element_type=\"widget\" data-widget_type=\"spacer.default\">\n\t\t\t\t<div class=\"elementor-widget-container\">\n\t\t\t\t\t<div class=\"elementor-spacer\">\n\t\t\t<div class=\"elementor-spacer-inner\"><\/div>\n\t\t<\/div>\n\t\t\t\t<\/div>\n\t\t\t\t<\/div>\n\t\t\t\t<div class=\"elementor-element elementor-element-2419071 elementor-align-left elementor-widget elementor-widget-button\" data-id=\"2419071\" data-element_type=\"widget\" data-widget_type=\"button.default\">\n\t\t\t\t<div class=\"elementor-widget-container\">\n\t\t\t\t\t<div class=\"elementor-button-wrapper\">\n\t\t\t<a href=\"https:\/\/de.krupinskicranes.com\/wp-content\/uploads\/2025\/07\/Karta-katalogowa-SZK-320.pdf\" class=\"elementor-button-link elementor-button elementor-size-sm\" target=\"_blank\" role=\"button\">\n\t\t\t\t\t\t<span class=\"elementor-button-content-wrapper\">\n\t\t\t\t\t\t<span class=\"elementor-button-text\">DATENBLATT<\/span>\n\t\t<\/span>\n\t\t\t\t\t<\/a>\n\t\t<\/div>\n\t\t\t\t<\/div>\n\t\t\t\t<\/div>\n\t\t\t\t\t\t<\/div>\n\t\t\t<\/div>\n\t\t<\/div>\n\t\t\t\t\t\t<\/div>\n\t\t\t<\/div>\n\t\t<\/section>\n\t\t\t\t<section class=\"elementor-element elementor-element-c3c5c89 elementor-section-boxed elementor-section-height-default elementor-section-height-default elementor-section elementor-top-section\" data-id=\"c3c5c89\" data-element_type=\"section\">\n\t\t\t\t\t\t<div class=\"elementor-container elementor-column-gap-default\">\n\t\t\t\t<div class=\"elementor-row\">\n\t\t\t\t<div class=\"elementor-element elementor-element-da35913 elementor-column elementor-col-100 elementor-top-column\" data-id=\"da35913\" data-element_type=\"column\">\n\t\t\t<div class=\"elementor-column-wrap  elementor-element-populated\">\n\t\t\t\t\t<div class=\"elementor-widget-wrap\">\n\t\t\t\t<div class=\"elementor-element elementor-element-50249d9 elementor-widget elementor-widget-text-editor\" data-id=\"50249d9\" data-element_type=\"widget\" data-widget_type=\"text-editor.default\">\n\t\t\t\t<div class=\"elementor-widget-container\">\n\t\t\t\t\t<div class=\"elementor-text-editor elementor-clearfix\"><h3>Anwendung:<\/h3><ul><li>Hafenkai-Dienstleistungen<\/li><li>Produktionswerkstatt-Dienstleistungen<\/li><\/ul><h3>Vorteile:<\/h3><ul><li>360-Grad-Drehung mit Drehgelenk<\/li><li>Tragf\u00e4higkeit nach Kundenwunsch von 5 bis 20 Tonnen einstellbar<\/li><li>f\u00fcr den Au\u00dfenbereich geeignet<\/li><li>Masth\u00f6he und Arml\u00e4nge nach Kundenwunsch einstellbar<\/li><li>bew\u00e4hrte ABUS-Hebezeuge<\/li><li>einstellbare Betriebsstundengruppe<\/li><\/ul><\/div>\n\t\t\t\t<\/div>\n\t\t\t\t<\/div>\n\t\t\t\t\t\t<\/div>\n\t\t\t<\/div>\n\t\t<\/div>\n\t\t\t\t\t\t<\/div>\n\t\t\t<\/div>\n\t\t<\/section>\n\t\t\t\t<section class=\"elementor-element elementor-element-b02e81f elementor-section-boxed elementor-section-height-default elementor-section-height-default elementor-section elementor-top-section\" data-id=\"b02e81f\" data-element_type=\"section\">\n\t\t\t\t\t\t<div class=\"elementor-container elementor-column-gap-default\">\n\t\t\t\t<div class=\"elementor-row\">\n\t\t\t\t<div class=\"elementor-element elementor-element-5dada57 elementor-column elementor-col-100 elementor-top-column\" data-id=\"5dada57\" data-element_type=\"column\">\n\t\t\t<div class=\"elementor-column-wrap  elementor-element-populated\">\n\t\t\t\t\t<div class=\"elementor-widget-wrap\">\n\t\t\t\t<div class=\"elementor-element elementor-element-7f0988f elementor-widget elementor-widget-spacer\" data-id=\"7f0988f\" data-element_type=\"widget\" data-widget_type=\"spacer.default\">\n\t\t\t\t<div class=\"elementor-widget-container\">\n\t\t\t\t\t<div class=\"elementor-spacer\">\n\t\t\t<div class=\"elementor-spacer-inner\"><\/div>\n\t\t<\/div>\n\t\t\t\t<\/div>\n\t\t\t\t<\/div>\n\t\t\t\t\t\t<\/div>\n\t\t\t<\/div>\n\t\t<\/div>\n\t\t\t\t\t\t<\/div>\n\t\t\t<\/div>\n\t\t<\/section>\n\t\t\t\t\t\t<\/div>\n\t\t\t<\/div>\n\t\t<\/div>","protected":false},"excerpt":{"rendered":"<p>SZK320 Ein neues Produkt im Portfolio von Krupinski Cranes ist der S\u00e4ulenschwenkkran SZK320 mit einer linearen Tragf\u00e4higkeit von bis zu 20 Tonnen. Es ist der einzige Kran dieser Gr\u00f6\u00dfe, der in Polen hergestellt wird. Konzept, Design und Produktion \u2013 Krupinski Cranes. Previous Next Normen Maximallast Maximale Ausladung Last an der Spitze EN 14439 bis zu &hellip;<\/p>","protected":false},"author":4,"featured_media":0,"parent":3858,"menu_order":0,"comment_status":"closed","ping_status":"closed","template":"","meta":[],"_links":{"self":[{"href":"https:\/\/de.krupinskicranes.com\/en\/wp-json\/wp\/v2\/pages\/3864"}],"collection":[{"href":"https:\/\/de.krupinskicranes.com\/en\/wp-json\/wp\/v2\/pages"}],"about":[{"href":"https:\/\/de.krupinskicranes.com\/en\/wp-json\/wp\/v2\/types\/page"}],"author":[{"embeddable":true,"href":"https:\/\/de.krupinskicranes.com\/en\/wp-json\/wp\/v2\/users\/4"}],"replies":[{"embeddable":true,"href":"https:\/\/de.krupinskicranes.com\/en\/wp-json\/wp\/v2\/comments?post=3864"}],"version-history":[{"count":5,"href":"https:\/\/de.krupinskicranes.com\/en\/wp-json\/wp\/v2\/pages\/3864\/revisions"}],"predecessor-version":[{"id":3877,"href":"https:\/\/de.krupinskicranes.com\/en\/wp-json\/wp\/v2\/pages\/3864\/revisions\/3877"}],"up":[{"embeddable":true,"href":"https:\/\/de.krupinskicranes.com\/en\/wp-json\/wp\/v2\/pages\/3858"}],"wp:attachment":[{"href":"https:\/\/de.krupinskicranes.com\/en\/wp-json\/wp\/v2\/media?parent=3864"}],"curies":[{"name":"wp","href":"https:\/\/api.w.org\/{rel}","templated":true}]}}