{"id":3164,"date":"2021-01-12T04:39:37","date_gmt":"2021-01-12T03:39:37","guid":{"rendered":"https:\/\/de.krupinskicranes.com\/?page_id=3164"},"modified":"2022-07-26T15:00:15","modified_gmt":"2022-07-26T13:00:15","slug":"kr-90-5-flat-top-nt","status":"publish","type":"page","link":"https:\/\/de.krupinskicranes.com\/en\/flat-top-tower-cranes\/kr-90-5-flat-top-nt\/","title":{"rendered":"KR 90-5 NT Flat Top NT"},"content":{"rendered":"<div data-elementor-type=\"wp-page\" data-elementor-id=\"3164\" class=\"elementor elementor-3164\" data-elementor-settings=\"[]\">\n\t\t\t<div class=\"elementor-inner\">\n\t\t\t\t<div class=\"elementor-section-wrap\">\n\t\t\t\t\t\t\t<section class=\"elementor-element elementor-element-b90998d elementor-section-boxed elementor-section-height-default elementor-section-height-default elementor-section elementor-top-section\" data-id=\"b90998d\" data-element_type=\"section\">\n\t\t\t\t\t\t<div class=\"elementor-container elementor-column-gap-default\">\n\t\t\t\t<div class=\"elementor-row\">\n\t\t\t\t<div class=\"elementor-element elementor-element-2315b2de elementor-column elementor-col-100 elementor-top-column\" data-id=\"2315b2de\" data-element_type=\"column\">\n\t\t\t<div class=\"elementor-column-wrap  elementor-element-populated\">\n\t\t\t\t\t<div class=\"elementor-widget-wrap\">\n\t\t\t\t<div class=\"elementor-element elementor-element-36cd0f23 elementor-widget elementor-widget-spacer\" data-id=\"36cd0f23\" data-element_type=\"widget\" data-widget_type=\"spacer.default\">\n\t\t\t\t<div class=\"elementor-widget-container\">\n\t\t\t\t\t<div class=\"elementor-spacer\">\n\t\t\t<div class=\"elementor-spacer-inner\"><\/div>\n\t\t<\/div>\n\t\t\t\t<\/div>\n\t\t\t\t<\/div>\n\t\t\t\t<div class=\"elementor-element elementor-element-5816a73e elementor-widget elementor-widget-heading\" data-id=\"5816a73e\" data-element_type=\"widget\" data-widget_type=\"heading.default\">\n\t\t\t\t<div class=\"elementor-widget-container\">\n\t\t\t<h2 class=\"elementor-heading-title elementor-size-default\">KR 90-5 NT Flat Top<\/h2>\t\t<\/div>\n\t\t\t\t<\/div>\n\t\t\t\t<div class=\"elementor-element elementor-element-7a54063 elementor-widget elementor-widget-text-editor\" data-id=\"7a54063\" data-element_type=\"widget\" data-widget_type=\"text-editor.default\">\n\t\t\t\t<div class=\"elementor-widget-container\">\n\t\t\t\t\t<div class=\"elementor-text-editor elementor-clearfix\"><p class=\"p1\">Modernste und Leiseste Kran auf dem Markt, Hubgeschwindigkeit bis 85 m\/min, fortschrittliche, moderne und sparsame Antriebe PM &#8211; IE5 (Super Premium Efficiency). Energieeffizienzklasse A+++. Ger\u00e4uschpegel nicht \u00fcber 65 dB(A). Zugang zu Fernwartung \u00fcber 30 Parameter werden in Cloud geschrieben. Gepr\u00fcfte Stahlstruktur, gro\u00dfe H\u00f6hen f\u00fcr Zone C25<\/p><\/div>\n\t\t\t\t<\/div>\n\t\t\t\t<\/div>\n\t\t\t\t<div class=\"elementor-element elementor-element-2df56c8a elementor-widget elementor-widget-spacer\" data-id=\"2df56c8a\" data-element_type=\"widget\" data-widget_type=\"spacer.default\">\n\t\t\t\t<div class=\"elementor-widget-container\">\n\t\t\t\t\t<div class=\"elementor-spacer\">\n\t\t\t<div class=\"elementor-spacer-inner\"><\/div>\n\t\t<\/div>\n\t\t\t\t<\/div>\n\t\t\t\t<\/div>\n\t\t\t\t\t\t<\/div>\n\t\t\t<\/div>\n\t\t<\/div>\n\t\t\t\t\t\t<\/div>\n\t\t\t<\/div>\n\t\t<\/section>\n\t\t\t\t<section class=\"elementor-element elementor-element-31dd6cd3 elementor-section-boxed elementor-section-height-default elementor-section-height-default elementor-section elementor-top-section\" data-id=\"31dd6cd3\" data-element_type=\"section\">\n\t\t\t\t\t\t<div class=\"elementor-container elementor-column-gap-default\">\n\t\t\t\t<div class=\"elementor-row\">\n\t\t\t\t<div class=\"elementor-element elementor-element-44741512 elementor-column elementor-col-50 elementor-top-column\" data-id=\"44741512\" data-element_type=\"column\">\n\t\t\t<div class=\"elementor-column-wrap  elementor-element-populated\">\n\t\t\t\t\t<div class=\"elementor-widget-wrap\">\n\t\t\t\t<div class=\"elementor-element elementor-element-750724a2 elementor-widget elementor-widget-image\" data-id=\"750724a2\" data-element_type=\"widget\" data-widget_type=\"image.default\">\n\t\t\t\t<div class=\"elementor-widget-container\">\n\t\t\t\t\t<div class=\"elementor-image\">\n\t\t\t\t\t\t\t\t\t\t<img width=\"1024\" height=\"764\" src=\"https:\/\/de.krupinskicranes.com\/wp-content\/uploads\/2021\/01\/Kr90-5-1024x764.jpg\" class=\"attachment-large size-large\" alt=\"\" loading=\"lazy\" srcset=\"https:\/\/de.krupinskicranes.com\/wp-content\/uploads\/2021\/01\/Kr90-5-1024x764.jpg 1024w, https:\/\/de.krupinskicranes.com\/wp-content\/uploads\/2021\/01\/Kr90-5-300x224.jpg 300w, https:\/\/de.krupinskicranes.com\/wp-content\/uploads\/2021\/01\/Kr90-5-768x573.jpg 768w, https:\/\/de.krupinskicranes.com\/wp-content\/uploads\/2021\/01\/Kr90-5-1536x1146.jpg 1536w, https:\/\/de.krupinskicranes.com\/wp-content\/uploads\/2021\/01\/Kr90-5-2048x1528.jpg 2048w, https:\/\/de.krupinskicranes.com\/wp-content\/uploads\/2021\/01\/Kr90-5-560x418.jpg 560w, https:\/\/de.krupinskicranes.com\/wp-content\/uploads\/2021\/01\/Kr90-5-100x76.jpg 100w, https:\/\/de.krupinskicranes.com\/wp-content\/uploads\/2021\/01\/Kr90-5-400x298.jpg 400w, https:\/\/de.krupinskicranes.com\/wp-content\/uploads\/2021\/01\/Kr90-5-900x671.jpg 900w, https:\/\/de.krupinskicranes.com\/wp-content\/uploads\/2021\/01\/Kr90-5-402x300.jpg 402w, https:\/\/de.krupinskicranes.com\/wp-content\/uploads\/2021\/01\/Kr90-5-905x675.jpg 905w, https:\/\/de.krupinskicranes.com\/wp-content\/uploads\/2021\/01\/Kr90-5-1448x1080.jpg 1448w\" sizes=\"(max-width: 1024px) 100vw, 1024px\" \/>\t\t\t\t\t\t\t\t\t\t\t<\/div>\n\t\t\t\t<\/div>\n\t\t\t\t<\/div>\n\t\t\t\t\t\t<\/div>\n\t\t\t<\/div>\n\t\t<\/div>\n\t\t\t\t<div class=\"elementor-element elementor-element-13122ed5 elementor-column elementor-col-50 elementor-top-column\" data-id=\"13122ed5\" data-element_type=\"column\">\n\t\t\t<div class=\"elementor-column-wrap  elementor-element-populated\">\n\t\t\t\t\t<div class=\"elementor-widget-wrap\">\n\t\t\t\t<section class=\"elementor-element elementor-element-5b11ba7c elementor-section-boxed elementor-section-height-default elementor-section-height-default elementor-section elementor-inner-section\" data-id=\"5b11ba7c\" data-element_type=\"section\">\n\t\t\t\t\t\t<div class=\"elementor-container elementor-column-gap-default\">\n\t\t\t\t<div class=\"elementor-row\">\n\t\t\t\t<div class=\"elementor-element elementor-element-15c6971d elementor-column elementor-col-50 elementor-inner-column\" data-id=\"15c6971d\" data-element_type=\"column\">\n\t\t\t<div class=\"elementor-column-wrap  elementor-element-populated\">\n\t\t\t\t\t<div class=\"elementor-widget-wrap\">\n\t\t\t\t<div class=\"elementor-element elementor-element-75d8c172 elementor-widget elementor-widget-text-editor\" data-id=\"75d8c172\" data-element_type=\"widget\" data-widget_type=\"text-editor.default\">\n\t\t\t\t<div class=\"elementor-widget-container\">\n\t\t\t\t\t<div class=\"elementor-text-editor elementor-clearfix\"><p>Normen<\/p><p>Maximale Hubh\u00f6he<\/p><p>\u200bMaximallast\u200b<\/p><p>Maximale Ausladung<\/p><p>Last an der Spitze<\/p><\/div>\n\t\t\t\t<\/div>\n\t\t\t\t<\/div>\n\t\t\t\t\t\t<\/div>\n\t\t\t<\/div>\n\t\t<\/div>\n\t\t\t\t<div class=\"elementor-element elementor-element-65ecf73f elementor-column elementor-col-50 elementor-inner-column\" data-id=\"65ecf73f\" data-element_type=\"column\">\n\t\t\t<div class=\"elementor-column-wrap  elementor-element-populated\">\n\t\t\t\t\t<div class=\"elementor-widget-wrap\">\n\t\t\t\t<div class=\"elementor-element elementor-element-70a43abf elementor-widget elementor-widget-text-editor\" data-id=\"70a43abf\" data-element_type=\"widget\" data-widget_type=\"text-editor.default\">\n\t\t\t\t<div class=\"elementor-widget-container\">\n\t\t\t\t\t<div class=\"elementor-text-editor elementor-clearfix\"><p style=\"text-align: right;\"><b>EN 14439<\/b><\/p><p style=\"text-align: right;\"><b>\u00a0<\/b><span style=\"text-align: left;\"><b>47.50 m<\/b><\/span><\/p><p style=\"text-align: right;\"><span style=\"text-align: left;\"><b>\u00a0<\/b><\/span><span style=\"text-align: left;\"><b>5,000 kg<\/b><\/span><\/p><p style=\"text-align: right;\"><span style=\"text-align: left;\"><b>50.00 m<\/b><br \/><\/span><\/p><p style=\"text-align: right;\"><span style=\"text-align: left;\"><b>1,400 kg<\/b><\/span><span style=\"text-align: left;\"><b>\u00a0<\/b><\/span><\/p><\/div>\n\t\t\t\t<\/div>\n\t\t\t\t<\/div>\n\t\t\t\t\t\t<\/div>\n\t\t\t<\/div>\n\t\t<\/div>\n\t\t\t\t\t\t<\/div>\n\t\t\t<\/div>\n\t\t<\/section>\n\t\t\t\t<div class=\"elementor-element elementor-element-7021037 elementor-widget elementor-widget-spacer\" data-id=\"7021037\" data-element_type=\"widget\" data-widget_type=\"spacer.default\">\n\t\t\t\t<div class=\"elementor-widget-container\">\n\t\t\t\t\t<div class=\"elementor-spacer\">\n\t\t\t<div class=\"elementor-spacer-inner\"><\/div>\n\t\t<\/div>\n\t\t\t\t<\/div>\n\t\t\t\t<\/div>\n\t\t\t\t<div class=\"elementor-element elementor-element-295089d1 elementor-align-left elementor-widget elementor-widget-button\" data-id=\"295089d1\" data-element_type=\"widget\" data-widget_type=\"button.default\">\n\t\t\t\t<div class=\"elementor-widget-container\">\n\t\t\t\t\t<div class=\"elementor-button-wrapper\">\n\t\t\t<a href=\"https:\/\/de.krupinskicranes.com\/wp-content\/uploads\/2021\/01\/KK-KR90-5-NT-PL-EN-DE.pdf\" class=\"elementor-button-link elementor-button elementor-size-sm\" target=\"_blank\" role=\"button\">\n\t\t\t\t\t\t<span class=\"elementor-button-content-wrapper\">\n\t\t\t\t\t\t<span class=\"elementor-button-text\">Datenblatt<\/span>\n\t\t<\/span>\n\t\t\t\t\t<\/a>\n\t\t<\/div>\n\t\t\t\t<\/div>\n\t\t\t\t<\/div>\n\t\t\t\t\t\t<\/div>\n\t\t\t<\/div>\n\t\t<\/div>\n\t\t\t\t\t\t<\/div>\n\t\t\t<\/div>\n\t\t<\/section>\n\t\t\t\t<section class=\"elementor-element elementor-element-3647eeb5 elementor-section-boxed elementor-section-height-default elementor-section-height-default elementor-section elementor-top-section\" data-id=\"3647eeb5\" data-element_type=\"section\">\n\t\t\t\t\t\t<div class=\"elementor-container elementor-column-gap-default\">\n\t\t\t\t<div class=\"elementor-row\">\n\t\t\t\t<div class=\"elementor-element elementor-element-40798003 elementor-column elementor-col-100 elementor-top-column\" data-id=\"40798003\" data-element_type=\"column\">\n\t\t\t<div class=\"elementor-column-wrap  elementor-element-populated\">\n\t\t\t\t\t<div class=\"elementor-widget-wrap\">\n\t\t\t\t<div class=\"elementor-element elementor-element-7bfb3819 elementor-widget elementor-widget-spacer\" data-id=\"7bfb3819\" data-element_type=\"widget\" data-widget_type=\"spacer.default\">\n\t\t\t\t<div class=\"elementor-widget-container\">\n\t\t\t\t\t<div class=\"elementor-spacer\">\n\t\t\t<div class=\"elementor-spacer-inner\"><\/div>\n\t\t<\/div>\n\t\t\t\t<\/div>\n\t\t\t\t<\/div>\n\t\t\t\t<section class=\"elementor-element elementor-element-5277e969 elementor-section-boxed elementor-section-height-default elementor-section-height-default elementor-section elementor-inner-section\" data-id=\"5277e969\" data-element_type=\"section\">\n\t\t\t\t\t\t<div class=\"elementor-container elementor-column-gap-default\">\n\t\t\t\t<div class=\"elementor-row\">\n\t\t\t\t<div class=\"elementor-element elementor-element-346aaaa8 elementor-column elementor-col-50 elementor-inner-column\" data-id=\"346aaaa8\" data-element_type=\"column\">\n\t\t\t<div class=\"elementor-column-wrap  elementor-element-populated\">\n\t\t\t\t\t<div class=\"elementor-widget-wrap\">\n\t\t\t\t<div class=\"elementor-element elementor-element-5702d387 elementor-widget elementor-widget-text-editor\" data-id=\"5702d387\" data-element_type=\"widget\" data-widget_type=\"text-editor.default\">\n\t\t\t\t<div class=\"elementor-widget-container\">\n\t\t\t\t\t<div class=\"elementor-text-editor elementor-clearfix\"><p>Last an der Spitze<\/p><p>Maximale Ausladung<\/p><p>Normen<\/p><p>Umscherung<\/p><p>Maximallast<\/p><p>Maximale Hubh\u00f6he\u200b<\/p><p>Hubwinde<\/p><p>Drehwerk<\/p><p>Katzfahrwerk<\/p><\/div>\n\t\t\t\t<\/div>\n\t\t\t\t<\/div>\n\t\t\t\t\t\t<\/div>\n\t\t\t<\/div>\n\t\t<\/div>\n\t\t\t\t<div class=\"elementor-element elementor-element-6c7b29ad elementor-column elementor-col-50 elementor-inner-column\" data-id=\"6c7b29ad\" data-element_type=\"column\">\n\t\t\t<div class=\"elementor-column-wrap  elementor-element-populated\">\n\t\t\t\t\t<div class=\"elementor-widget-wrap\">\n\t\t\t\t<div class=\"elementor-element elementor-element-321f133 elementor-widget elementor-widget-text-editor\" data-id=\"321f133\" data-element_type=\"widget\" data-widget_type=\"text-editor.default\">\n\t\t\t\t<div class=\"elementor-widget-container\">\n\t\t\t\t\t<div class=\"elementor-text-editor elementor-clearfix\"><p style=\"text-align: right;\"><span style=\"text-align: left;\"><b>1,400 kg<\/b><\/span><\/p><p style=\"text-align: right;\"><span style=\"text-align: left;\"><b>50.00 m<\/b><\/span><\/p><p style=\"text-align: right;\"><span style=\"letter-spacing: 0em; text-align: left;\"><b>\u00a0<\/b><\/span><b style=\"text-align: left; letter-spacing: 0em;\">\u00a0<\/b><span style=\"text-align: left;\"><b>EN 14439<\/b><\/span><\/p><p style=\"text-align: right;\"><span style=\"text-align: left;\"><b>2<\/b><\/span><\/p><p style=\"text-align: right;\"><span style=\"text-align: left;\"><b>5,000 kg<\/b><\/span><\/p><p style=\"text-align: right;\"><span style=\"text-align: left;\"><b>47.50 m<\/b><\/span><\/p><p style=\"text-align: right;\"><span style=\"text-align: left;\"><b>16,1 kW PM<\/b><\/span><\/p><p style=\"text-align: right;\"><span style=\"text-align: left;\"><b>3,0 kW PM<\/b><\/span><\/p><p style=\"text-align: right;\"><span style=\"text-align: left;\"><b>2,5 kW PM<\/b><br \/><\/span><\/p><\/div>\n\t\t\t\t<\/div>\n\t\t\t\t<\/div>\n\t\t\t\t\t\t<\/div>\n\t\t\t<\/div>\n\t\t<\/div>\n\t\t\t\t\t\t<\/div>\n\t\t\t<\/div>\n\t\t<\/section>\n\t\t\t\t\t\t<\/div>\n\t\t\t<\/div>\n\t\t<\/div>\n\t\t\t\t\t\t<\/div>\n\t\t\t<\/div>\n\t\t<\/section>\n\t\t\t\t<section class=\"elementor-element elementor-element-a71abb5 elementor-section-boxed elementor-section-height-default elementor-section-height-default elementor-section elementor-top-section\" data-id=\"a71abb5\" data-element_type=\"section\">\n\t\t\t\t\t\t<div class=\"elementor-container elementor-column-gap-default\">\n\t\t\t\t<div class=\"elementor-row\">\n\t\t\t\t<div class=\"elementor-element elementor-element-9736ec3 elementor-column elementor-col-100 elementor-top-column\" data-id=\"9736ec3\" data-element_type=\"column\">\n\t\t\t<div class=\"elementor-column-wrap  elementor-element-populated\">\n\t\t\t\t\t<div class=\"elementor-widget-wrap\">\n\t\t\t\t<div class=\"elementor-element elementor-element-10c720d elementor-widget elementor-widget-spacer\" data-id=\"10c720d\" data-element_type=\"widget\" data-widget_type=\"spacer.default\">\n\t\t\t\t<div class=\"elementor-widget-container\">\n\t\t\t\t\t<div class=\"elementor-spacer\">\n\t\t\t<div class=\"elementor-spacer-inner\"><\/div>\n\t\t<\/div>\n\t\t\t\t<\/div>\n\t\t\t\t<\/div>\n\t\t\t\t\t\t<\/div>\n\t\t\t<\/div>\n\t\t<\/div>\n\t\t\t\t\t\t<\/div>\n\t\t\t<\/div>\n\t\t<\/section>\n\t\t\t\t\t\t<\/div>\n\t\t\t<\/div>\n\t\t<\/div>","protected":false},"excerpt":{"rendered":"<p>KR 90-5 NT Flat Top Modernste und Leiseste Kran auf dem Markt, Hubgeschwindigkeit bis 85 m\/min, fortschrittliche, moderne und sparsame Antriebe PM &#8211; IE5 (Super Premium Efficiency). Energieeffizienzklasse A+++. Ger\u00e4uschpegel nicht \u00fcber 65 dB(A). Zugang zu Fernwartung \u00fcber 30 Parameter werden in Cloud geschrieben. Gepr\u00fcfte Stahlstruktur, gro\u00dfe H\u00f6hen f\u00fcr Zone C25 Normen Maximale Hubh\u00f6he \u200bMaximallast\u200b &hellip;<\/p>","protected":false},"author":4,"featured_media":0,"parent":3105,"menu_order":0,"comment_status":"closed","ping_status":"closed","template":"","meta":[],"_links":{"self":[{"href":"https:\/\/de.krupinskicranes.com\/en\/wp-json\/wp\/v2\/pages\/3164"}],"collection":[{"href":"https:\/\/de.krupinskicranes.com\/en\/wp-json\/wp\/v2\/pages"}],"about":[{"href":"https:\/\/de.krupinskicranes.com\/en\/wp-json\/wp\/v2\/types\/page"}],"author":[{"embeddable":true,"href":"https:\/\/de.krupinskicranes.com\/en\/wp-json\/wp\/v2\/users\/4"}],"replies":[{"embeddable":true,"href":"https:\/\/de.krupinskicranes.com\/en\/wp-json\/wp\/v2\/comments?post=3164"}],"version-history":[{"count":14,"href":"https:\/\/de.krupinskicranes.com\/en\/wp-json\/wp\/v2\/pages\/3164\/revisions"}],"predecessor-version":[{"id":3714,"href":"https:\/\/de.krupinskicranes.com\/en\/wp-json\/wp\/v2\/pages\/3164\/revisions\/3714"}],"up":[{"embeddable":true,"href":"https:\/\/de.krupinskicranes.com\/en\/wp-json\/wp\/v2\/pages\/3105"}],"wp:attachment":[{"href":"https:\/\/de.krupinskicranes.com\/en\/wp-json\/wp\/v2\/media?parent=3164"}],"curies":[{"name":"wp","href":"https:\/\/api.w.org\/{rel}","templated":true}]}}