{"id":3150,"date":"2021-01-12T04:02:14","date_gmt":"2021-01-12T03:02:14","guid":{"rendered":"https:\/\/de.krupinskicranes.com\/?page_id=3150"},"modified":"2022-07-26T15:15:59","modified_gmt":"2022-07-26T13:15:59","slug":"kr-90-5-flat-top","status":"publish","type":"page","link":"https:\/\/de.krupinskicranes.com\/en\/flat-top-tower-cranes\/kr-90-5-flat-top\/","title":{"rendered":"KR 90-5 Flat Top"},"content":{"rendered":"<div data-elementor-type=\"wp-page\" data-elementor-id=\"3150\" class=\"elementor elementor-3150\" data-elementor-settings=\"[]\">\n\t\t\t<div class=\"elementor-inner\">\n\t\t\t\t<div class=\"elementor-section-wrap\">\n\t\t\t\t\t\t\t<section class=\"elementor-element elementor-element-5da0dadb elementor-section-boxed elementor-section-height-default elementor-section-height-default elementor-section elementor-top-section\" data-id=\"5da0dadb\" data-element_type=\"section\">\n\t\t\t\t\t\t<div class=\"elementor-container elementor-column-gap-default\">\n\t\t\t\t<div class=\"elementor-row\">\n\t\t\t\t<div class=\"elementor-element elementor-element-5769b3a9 elementor-column elementor-col-100 elementor-top-column\" data-id=\"5769b3a9\" data-element_type=\"column\">\n\t\t\t<div class=\"elementor-column-wrap  elementor-element-populated\">\n\t\t\t\t\t<div class=\"elementor-widget-wrap\">\n\t\t\t\t<div class=\"elementor-element elementor-element-18ad5cd6 elementor-widget elementor-widget-spacer\" data-id=\"18ad5cd6\" data-element_type=\"widget\" data-widget_type=\"spacer.default\">\n\t\t\t\t<div class=\"elementor-widget-container\">\n\t\t\t\t\t<div class=\"elementor-spacer\">\n\t\t\t<div class=\"elementor-spacer-inner\"><\/div>\n\t\t<\/div>\n\t\t\t\t<\/div>\n\t\t\t\t<\/div>\n\t\t\t\t<div class=\"elementor-element elementor-element-55fe94b elementor-widget elementor-widget-heading\" data-id=\"55fe94b\" data-element_type=\"widget\" data-widget_type=\"heading.default\">\n\t\t\t\t<div class=\"elementor-widget-container\">\n\t\t\t<h2 class=\"elementor-heading-title elementor-size-default\">KR 90-5 Flat Top<\/h2>\t\t<\/div>\n\t\t\t\t<\/div>\n\t\t\t\t<div class=\"elementor-element elementor-element-f688e9b elementor-widget elementor-widget-text-editor\" data-id=\"f688e9b\" data-element_type=\"widget\" data-widget_type=\"text-editor.default\">\n\t\t\t\t<div class=\"elementor-widget-container\">\n\t\t\t\t\t<div class=\"elementor-text-editor elementor-clearfix\"><p class=\"p1\">Dieser moderne, kompakte Kran ist eine perfekte Kombination aus neueste Technologie und bew\u00e4hrten L\u00f6sungen der Tragstruktur. Die Arbeitsh\u00f6he und die schnelle Hubwinde bieten universelle Einsatzm\u00f6glichkeiten.<\/p><\/div>\n\t\t\t\t<\/div>\n\t\t\t\t<\/div>\n\t\t\t\t<div class=\"elementor-element elementor-element-6abc85c0 elementor-widget elementor-widget-spacer\" data-id=\"6abc85c0\" data-element_type=\"widget\" data-widget_type=\"spacer.default\">\n\t\t\t\t<div class=\"elementor-widget-container\">\n\t\t\t\t\t<div class=\"elementor-spacer\">\n\t\t\t<div class=\"elementor-spacer-inner\"><\/div>\n\t\t<\/div>\n\t\t\t\t<\/div>\n\t\t\t\t<\/div>\n\t\t\t\t\t\t<\/div>\n\t\t\t<\/div>\n\t\t<\/div>\n\t\t\t\t\t\t<\/div>\n\t\t\t<\/div>\n\t\t<\/section>\n\t\t\t\t<section class=\"elementor-element elementor-element-11a9c502 elementor-section-boxed elementor-section-height-default elementor-section-height-default elementor-section elementor-top-section\" data-id=\"11a9c502\" data-element_type=\"section\">\n\t\t\t\t\t\t<div class=\"elementor-container elementor-column-gap-default\">\n\t\t\t\t<div class=\"elementor-row\">\n\t\t\t\t<div class=\"elementor-element elementor-element-6209e1b5 elementor-column elementor-col-50 elementor-top-column\" data-id=\"6209e1b5\" data-element_type=\"column\">\n\t\t\t<div class=\"elementor-column-wrap  elementor-element-populated\">\n\t\t\t\t\t<div class=\"elementor-widget-wrap\">\n\t\t\t\t<div class=\"elementor-element elementor-element-594d138 elementor-widget elementor-widget-image-carousel\" data-id=\"594d138\" data-element_type=\"widget\" data-settings=\"{&quot;slides_to_show&quot;:&quot;1&quot;,&quot;navigation&quot;:&quot;none&quot;,&quot;pause_on_hover&quot;:&quot;no&quot;,&quot;autoplay&quot;:&quot;no&quot;,&quot;infinite&quot;:&quot;no&quot;,&quot;effect&quot;:&quot;fade&quot;,&quot;autoplay_speed&quot;:5000,&quot;speed&quot;:500,&quot;direction&quot;:&quot;ltr&quot;}\" data-widget_type=\"image-carousel.default\">\n\t\t\t\t<div class=\"elementor-widget-container\">\n\t\t\t\t\t<div class=\"elementor-image-carousel-wrapper swiper-container\" dir=\"ltr\">\n\t\t\t<div class=\"elementor-image-carousel swiper-wrapper\">\n\t\t\t\t<div class=\"swiper-slide\"><a href=\"https:\/\/de.krupinskicranes.com\/wp-content\/uploads\/2021\/01\/Kr90-5-scaled.jpg\" data-elementor-open-lightbox=\"yes\" data-elementor-lightbox-slideshow=\"594d138\" data-elementor-lightbox-index=\"0\"><figure class=\"swiper-slide-inner\"><img class=\"swiper-slide-image\" src=\"https:\/\/de.krupinskicranes.com\/wp-content\/uploads\/2021\/01\/Kr90-5-900x675.jpg\" alt=\"Kr90-5\" \/><\/figure><\/a><\/div>\t\t\t<\/div>\n\t\t\t\t\t<\/div>\n\t\t\t\t<\/div>\n\t\t\t\t<\/div>\n\t\t\t\t<div class=\"elementor-element elementor-element-e02134c elementor-arrows-position-inside elementor-widget elementor-widget-image-carousel\" data-id=\"e02134c\" data-element_type=\"widget\" data-settings=\"{&quot;navigation&quot;:&quot;arrows&quot;,&quot;pause_on_hover&quot;:&quot;yes&quot;,&quot;autoplay&quot;:&quot;yes&quot;,&quot;autoplay_speed&quot;:5000,&quot;infinite&quot;:&quot;yes&quot;,&quot;speed&quot;:500,&quot;direction&quot;:&quot;ltr&quot;}\" data-widget_type=\"image-carousel.default\">\n\t\t\t\t<div class=\"elementor-widget-container\">\n\t\t\t\t\t<div class=\"elementor-image-carousel-wrapper swiper-container\" dir=\"ltr\">\n\t\t\t<div class=\"elementor-image-carousel swiper-wrapper\">\n\t\t\t\t<div class=\"swiper-slide\"><a href=\"https:\/\/de.krupinskicranes.com\/wp-content\/uploads\/2021\/01\/IMG_20200623_134545-scaled.jpg\" data-elementor-open-lightbox=\"yes\" data-elementor-lightbox-slideshow=\"e02134c\" data-elementor-lightbox-index=\"0\"><figure class=\"swiper-slide-inner\"><img class=\"swiper-slide-image\" src=\"https:\/\/de.krupinskicranes.com\/wp-content\/uploads\/2021\/01\/IMG_20200623_134545-150x150.jpg\" alt=\"IMG_20200623_134545\" \/><\/figure><\/a><\/div><div class=\"swiper-slide\"><a href=\"https:\/\/de.krupinskicranes.com\/wp-content\/uploads\/2021\/01\/IMG_20190906_074508-scaled.jpg\" data-elementor-open-lightbox=\"yes\" data-elementor-lightbox-slideshow=\"e02134c\" data-elementor-lightbox-index=\"1\"><figure class=\"swiper-slide-inner\"><img class=\"swiper-slide-image\" src=\"https:\/\/de.krupinskicranes.com\/wp-content\/uploads\/2021\/01\/IMG_20190906_074508-150x150.jpg\" alt=\"IMG_20190906_074508\" \/><\/figure><\/a><\/div><div class=\"swiper-slide\"><a href=\"https:\/\/de.krupinskicranes.com\/wp-content\/uploads\/2021\/01\/DSC_9987-scaled.jpg\" data-elementor-open-lightbox=\"yes\" data-elementor-lightbox-slideshow=\"e02134c\" data-elementor-lightbox-index=\"2\"><figure class=\"swiper-slide-inner\"><img class=\"swiper-slide-image\" src=\"https:\/\/de.krupinskicranes.com\/wp-content\/uploads\/2021\/01\/DSC_9987-150x150.jpg\" alt=\"DSC_9987\" \/><\/figure><\/a><\/div><div class=\"swiper-slide\"><a href=\"https:\/\/de.krupinskicranes.com\/wp-content\/uploads\/2021\/01\/DSC_9792-scaled.jpg\" data-elementor-open-lightbox=\"yes\" data-elementor-lightbox-slideshow=\"e02134c\" data-elementor-lightbox-index=\"3\"><figure class=\"swiper-slide-inner\"><img class=\"swiper-slide-image\" src=\"https:\/\/de.krupinskicranes.com\/wp-content\/uploads\/2021\/01\/DSC_9792-150x150.jpg\" alt=\"DSC_9792\" \/><\/figure><\/a><\/div><div class=\"swiper-slide\"><a href=\"https:\/\/de.krupinskicranes.com\/wp-content\/uploads\/2021\/01\/IMG_20200520_130708-scaled.jpg\" data-elementor-open-lightbox=\"yes\" data-elementor-lightbox-slideshow=\"e02134c\" data-elementor-lightbox-index=\"4\"><figure class=\"swiper-slide-inner\"><img class=\"swiper-slide-image\" src=\"https:\/\/de.krupinskicranes.com\/wp-content\/uploads\/2021\/01\/IMG_20200520_130708-150x150.jpg\" alt=\"IMG_20200520_130708\" \/><\/figure><\/a><\/div>\t\t\t<\/div>\n\t\t\t\t\t\t\t\t\t\t\t\t\t\t\t\t<div class=\"elementor-swiper-button elementor-swiper-button-prev\">\n\t\t\t\t\t\t<i class=\"eicon-chevron-left\" aria-hidden=\"true\"><\/i>\n\t\t\t\t\t\t<span class=\"elementor-screen-only\">Previous<\/span>\n\t\t\t\t\t<\/div>\n\t\t\t\t\t<div class=\"elementor-swiper-button elementor-swiper-button-next\">\n\t\t\t\t\t\t<i class=\"eicon-chevron-right\" aria-hidden=\"true\"><\/i>\n\t\t\t\t\t\t<span class=\"elementor-screen-only\">Next<\/span>\n\t\t\t\t\t<\/div>\n\t\t\t\t\t\t\t\t\t<\/div>\n\t\t\t\t<\/div>\n\t\t\t\t<\/div>\n\t\t\t\t\t\t<\/div>\n\t\t\t<\/div>\n\t\t<\/div>\n\t\t\t\t<div class=\"elementor-element elementor-element-3c46c203 elementor-column elementor-col-50 elementor-top-column\" data-id=\"3c46c203\" data-element_type=\"column\">\n\t\t\t<div class=\"elementor-column-wrap  elementor-element-populated\">\n\t\t\t\t\t<div class=\"elementor-widget-wrap\">\n\t\t\t\t<section class=\"elementor-element elementor-element-4329b2f elementor-section-boxed elementor-section-height-default elementor-section-height-default elementor-section elementor-inner-section\" data-id=\"4329b2f\" data-element_type=\"section\">\n\t\t\t\t\t\t<div class=\"elementor-container elementor-column-gap-default\">\n\t\t\t\t<div class=\"elementor-row\">\n\t\t\t\t<div class=\"elementor-element elementor-element-14338a1e elementor-column elementor-col-50 elementor-inner-column\" data-id=\"14338a1e\" data-element_type=\"column\">\n\t\t\t<div class=\"elementor-column-wrap  elementor-element-populated\">\n\t\t\t\t\t<div class=\"elementor-widget-wrap\">\n\t\t\t\t<div class=\"elementor-element elementor-element-780576b2 elementor-widget elementor-widget-text-editor\" data-id=\"780576b2\" data-element_type=\"widget\" data-widget_type=\"text-editor.default\">\n\t\t\t\t<div class=\"elementor-widget-container\">\n\t\t\t\t\t<div class=\"elementor-text-editor elementor-clearfix\"><p>Normen<\/p><p>Maximale Hubh\u00f6he<\/p><p>\u200bMaximallast\u200b<\/p><p>Maximale Ausladung<\/p><p>Last an der Spitze<\/p><\/div>\n\t\t\t\t<\/div>\n\t\t\t\t<\/div>\n\t\t\t\t\t\t<\/div>\n\t\t\t<\/div>\n\t\t<\/div>\n\t\t\t\t<div class=\"elementor-element elementor-element-3b13b986 elementor-column elementor-col-50 elementor-inner-column\" data-id=\"3b13b986\" data-element_type=\"column\">\n\t\t\t<div class=\"elementor-column-wrap  elementor-element-populated\">\n\t\t\t\t\t<div class=\"elementor-widget-wrap\">\n\t\t\t\t<div class=\"elementor-element elementor-element-5298a90a elementor-widget elementor-widget-text-editor\" data-id=\"5298a90a\" data-element_type=\"widget\" data-widget_type=\"text-editor.default\">\n\t\t\t\t<div class=\"elementor-widget-container\">\n\t\t\t\t\t<div class=\"elementor-text-editor elementor-clearfix\"><p style=\"text-align: right;\"><b>EN 14439<\/b><\/p><p style=\"text-align: right;\"><b>\u00a0<\/b><span style=\"text-align: left;\"><b>47.50 m<\/b><\/span><\/p><p style=\"text-align: right;\"><span style=\"text-align: left;\"><b>\u00a0<\/b><\/span><span style=\"text-align: left;\"><b>5,000 kg<\/b><\/span><\/p><p style=\"text-align: right;\"><span style=\"text-align: left;\"><b>50.00 m<\/b><br \/><\/span><\/p><p style=\"text-align: right;\"><span style=\"text-align: left;\"><b>1,400 kg<\/b><\/span><span style=\"text-align: left;\"><b>\u00a0<\/b><\/span><\/p><\/div>\n\t\t\t\t<\/div>\n\t\t\t\t<\/div>\n\t\t\t\t\t\t<\/div>\n\t\t\t<\/div>\n\t\t<\/div>\n\t\t\t\t\t\t<\/div>\n\t\t\t<\/div>\n\t\t<\/section>\n\t\t\t\t<div class=\"elementor-element elementor-element-1e5c083c elementor-widget elementor-widget-spacer\" data-id=\"1e5c083c\" data-element_type=\"widget\" data-widget_type=\"spacer.default\">\n\t\t\t\t<div class=\"elementor-widget-container\">\n\t\t\t\t\t<div class=\"elementor-spacer\">\n\t\t\t<div class=\"elementor-spacer-inner\"><\/div>\n\t\t<\/div>\n\t\t\t\t<\/div>\n\t\t\t\t<\/div>\n\t\t\t\t<div class=\"elementor-element elementor-element-ceeb201 elementor-align-left elementor-widget elementor-widget-button\" data-id=\"ceeb201\" data-element_type=\"widget\" data-widget_type=\"button.default\">\n\t\t\t\t<div class=\"elementor-widget-container\">\n\t\t\t\t\t<div class=\"elementor-button-wrapper\">\n\t\t\t<a href=\"https:\/\/krupinskicranes.com\/wp-content\/uploads\/2021\/03\/KK-KR90-5-PL-EN-DE-2.pdf\" class=\"elementor-button-link elementor-button elementor-size-sm\" target=\"_blank\" role=\"button\">\n\t\t\t\t\t\t<span class=\"elementor-button-content-wrapper\">\n\t\t\t\t\t\t<span class=\"elementor-button-text\">DATENBLATT<\/span>\n\t\t<\/span>\n\t\t\t\t\t<\/a>\n\t\t<\/div>\n\t\t\t\t<\/div>\n\t\t\t\t<\/div>\n\t\t\t\t\t\t<\/div>\n\t\t\t<\/div>\n\t\t<\/div>\n\t\t\t\t\t\t<\/div>\n\t\t\t<\/div>\n\t\t<\/section>\n\t\t\t\t<section class=\"elementor-element elementor-element-43f60cf elementor-section-boxed elementor-section-height-default elementor-section-height-default elementor-section elementor-top-section\" data-id=\"43f60cf\" data-element_type=\"section\">\n\t\t\t\t\t\t<div class=\"elementor-container elementor-column-gap-default\">\n\t\t\t\t<div class=\"elementor-row\">\n\t\t\t\t<div class=\"elementor-element elementor-element-e4eb78c elementor-column elementor-col-100 elementor-top-column\" data-id=\"e4eb78c\" data-element_type=\"column\">\n\t\t\t<div class=\"elementor-column-wrap  elementor-element-populated\">\n\t\t\t\t\t<div class=\"elementor-widget-wrap\">\n\t\t\t\t<div class=\"elementor-element elementor-element-471a8bf elementor-widget elementor-widget-spacer\" data-id=\"471a8bf\" data-element_type=\"widget\" data-widget_type=\"spacer.default\">\n\t\t\t\t<div class=\"elementor-widget-container\">\n\t\t\t\t\t<div class=\"elementor-spacer\">\n\t\t\t<div class=\"elementor-spacer-inner\"><\/div>\n\t\t<\/div>\n\t\t\t\t<\/div>\n\t\t\t\t<\/div>\n\t\t\t\t<section class=\"elementor-element elementor-element-54b36c4 elementor-section-boxed elementor-section-height-default elementor-section-height-default elementor-section elementor-inner-section\" data-id=\"54b36c4\" data-element_type=\"section\">\n\t\t\t\t\t\t<div class=\"elementor-container elementor-column-gap-default\">\n\t\t\t\t<div class=\"elementor-row\">\n\t\t\t\t<div class=\"elementor-element elementor-element-fbe0153 elementor-column elementor-col-50 elementor-inner-column\" data-id=\"fbe0153\" data-element_type=\"column\">\n\t\t\t<div class=\"elementor-column-wrap  elementor-element-populated\">\n\t\t\t\t\t<div class=\"elementor-widget-wrap\">\n\t\t\t\t<div class=\"elementor-element elementor-element-d96500e elementor-widget elementor-widget-text-editor\" data-id=\"d96500e\" data-element_type=\"widget\" data-widget_type=\"text-editor.default\">\n\t\t\t\t<div class=\"elementor-widget-container\">\n\t\t\t\t\t<div class=\"elementor-text-editor elementor-clearfix\"><p>Last an der Spitze<\/p><p>Maximale Ausladung<\/p><p>Normen<\/p><p>Umscherung<\/p><p>Maximallast<\/p><p>Maximale Hubh\u00f6he\u200b<\/p><p>Hubwinde<\/p><p>Drehwerk<\/p><p>Katzfahrwerk<\/p><\/div>\n\t\t\t\t<\/div>\n\t\t\t\t<\/div>\n\t\t\t\t\t\t<\/div>\n\t\t\t<\/div>\n\t\t<\/div>\n\t\t\t\t<div class=\"elementor-element elementor-element-63ce608 elementor-column elementor-col-50 elementor-inner-column\" data-id=\"63ce608\" data-element_type=\"column\">\n\t\t\t<div class=\"elementor-column-wrap  elementor-element-populated\">\n\t\t\t\t\t<div class=\"elementor-widget-wrap\">\n\t\t\t\t<div class=\"elementor-element elementor-element-43cfb3f elementor-widget elementor-widget-text-editor\" data-id=\"43cfb3f\" data-element_type=\"widget\" data-widget_type=\"text-editor.default\">\n\t\t\t\t<div class=\"elementor-widget-container\">\n\t\t\t\t\t<div class=\"elementor-text-editor elementor-clearfix\"><p style=\"text-align: right;\"><span style=\"text-align: left;\"><b>1,400 kg<\/b><\/span><\/p><p style=\"text-align: right;\"><span style=\"text-align: left;\"><b>50.00 m<\/b><\/span><\/p><p style=\"text-align: right;\"><span style=\"letter-spacing: 0em; text-align: left;\"><b>\u00a0<\/b><\/span><b style=\"text-align: left; letter-spacing: 0em;\">\u00a0<\/b><span style=\"text-align: left;\"><b>EN 14439<\/b><\/span><\/p><p style=\"text-align: right;\"><span style=\"text-align: left;\"><b>2<\/b><\/span><\/p><p style=\"text-align: right;\"><span style=\"text-align: left;\"><b>5,000 kg<\/b><\/span><\/p><p style=\"text-align: right;\"><span style=\"text-align: left;\"><b>47.50 m<\/b><\/span><\/p><p style=\"text-align: right;\"><span style=\"text-align: left;\"><b>18,5 kW FU<\/b><\/span><\/p><p style=\"text-align: right;\"><span style=\"text-align: left;\"><b>4,0 kW FU<\/b><\/span><\/p><p style=\"text-align: right;\"><span style=\"text-align: left;\"><b>3,0 kW FU<\/b><br \/><\/span><\/p><\/div>\n\t\t\t\t<\/div>\n\t\t\t\t<\/div>\n\t\t\t\t\t\t<\/div>\n\t\t\t<\/div>\n\t\t<\/div>\n\t\t\t\t\t\t<\/div>\n\t\t\t<\/div>\n\t\t<\/section>\n\t\t\t\t\t\t<\/div>\n\t\t\t<\/div>\n\t\t<\/div>\n\t\t\t\t\t\t<\/div>\n\t\t\t<\/div>\n\t\t<\/section>\n\t\t\t\t<section class=\"elementor-element elementor-element-162bc5e elementor-section-boxed elementor-section-height-default elementor-section-height-default elementor-section elementor-top-section\" data-id=\"162bc5e\" data-element_type=\"section\">\n\t\t\t\t\t\t<div class=\"elementor-container elementor-column-gap-default\">\n\t\t\t\t<div class=\"elementor-row\">\n\t\t\t\t<div class=\"elementor-element elementor-element-65dda7b elementor-column elementor-col-100 elementor-top-column\" data-id=\"65dda7b\" data-element_type=\"column\">\n\t\t\t<div class=\"elementor-column-wrap  elementor-element-populated\">\n\t\t\t\t\t<div class=\"elementor-widget-wrap\">\n\t\t\t\t<div class=\"elementor-element elementor-element-7d5c8f6 elementor-widget elementor-widget-spacer\" data-id=\"7d5c8f6\" data-element_type=\"widget\" data-widget_type=\"spacer.default\">\n\t\t\t\t<div class=\"elementor-widget-container\">\n\t\t\t\t\t<div class=\"elementor-spacer\">\n\t\t\t<div class=\"elementor-spacer-inner\"><\/div>\n\t\t<\/div>\n\t\t\t\t<\/div>\n\t\t\t\t<\/div>\n\t\t\t\t\t\t<\/div>\n\t\t\t<\/div>\n\t\t<\/div>\n\t\t\t\t\t\t<\/div>\n\t\t\t<\/div>\n\t\t<\/section>\n\t\t\t\t\t\t<\/div>\n\t\t\t<\/div>\n\t\t<\/div>","protected":false},"excerpt":{"rendered":"<p>KR 90-5 Flat Top Dieser moderne, kompakte Kran ist eine perfekte Kombination aus neueste Technologie und bew\u00e4hrten L\u00f6sungen der Tragstruktur. Die Arbeitsh\u00f6he und die schnelle Hubwinde bieten universelle Einsatzm\u00f6glichkeiten. Previous Next Normen Maximale Hubh\u00f6he \u200bMaximallast\u200b Maximale Ausladung Last an der Spitze EN 14439 \u00a047.50 m \u00a05,000 kg 50.00 m 1,400 kg\u00a0 DATENBLATT Last an der &hellip;<\/p>","protected":false},"author":4,"featured_media":0,"parent":3105,"menu_order":0,"comment_status":"closed","ping_status":"closed","template":"","meta":[],"_links":{"self":[{"href":"https:\/\/de.krupinskicranes.com\/en\/wp-json\/wp\/v2\/pages\/3150"}],"collection":[{"href":"https:\/\/de.krupinskicranes.com\/en\/wp-json\/wp\/v2\/pages"}],"about":[{"href":"https:\/\/de.krupinskicranes.com\/en\/wp-json\/wp\/v2\/types\/page"}],"author":[{"embeddable":true,"href":"https:\/\/de.krupinskicranes.com\/en\/wp-json\/wp\/v2\/users\/4"}],"replies":[{"embeddable":true,"href":"https:\/\/de.krupinskicranes.com\/en\/wp-json\/wp\/v2\/comments?post=3150"}],"version-history":[{"count":31,"href":"https:\/\/de.krupinskicranes.com\/en\/wp-json\/wp\/v2\/pages\/3150\/revisions"}],"predecessor-version":[{"id":3731,"href":"https:\/\/de.krupinskicranes.com\/en\/wp-json\/wp\/v2\/pages\/3150\/revisions\/3731"}],"up":[{"embeddable":true,"href":"https:\/\/de.krupinskicranes.com\/en\/wp-json\/wp\/v2\/pages\/3105"}],"wp:attachment":[{"href":"https:\/\/de.krupinskicranes.com\/en\/wp-json\/wp\/v2\/media?parent=3150"}],"curies":[{"name":"wp","href":"https:\/\/api.w.org\/{rel}","templated":true}]}}