{"id":3021,"date":"2020-10-20T20:01:10","date_gmt":"2020-10-20T18:01:10","guid":{"rendered":"https:\/\/de.krupinskicranes.com\/?page_id=3021"},"modified":"2022-07-26T12:26:15","modified_gmt":"2022-07-26T10:26:15","slug":"individual-customer","status":"publish","type":"page","link":"https:\/\/de.krupinskicranes.com\/en\/individual-customer\/","title":{"rendered":"einzelner Kunde"},"content":{"rendered":"<div data-elementor-type=\"wp-page\" data-elementor-id=\"3021\" class=\"elementor elementor-3021\" data-elementor-settings=\"[]\">\n\t\t\t<div class=\"elementor-inner\">\n\t\t\t\t<div class=\"elementor-section-wrap\">\n\t\t\t\t\t\t\t<section class=\"elementor-element elementor-element-1bab3d7 elementor-section-boxed elementor-section-height-default elementor-section-height-default elementor-section elementor-top-section\" data-id=\"1bab3d7\" data-element_type=\"section\">\n\t\t\t\t\t\t<div class=\"elementor-container elementor-column-gap-default\">\n\t\t\t\t<div class=\"elementor-row\">\n\t\t\t\t<div class=\"elementor-element elementor-element-e6bd35d elementor-column elementor-col-100 elementor-top-column\" data-id=\"e6bd35d\" data-element_type=\"column\">\n\t\t\t<div class=\"elementor-column-wrap  elementor-element-populated\">\n\t\t\t\t\t<div class=\"elementor-widget-wrap\">\n\t\t\t\t<div class=\"elementor-element elementor-element-443854b elementor-widget elementor-widget-spacer\" data-id=\"443854b\" data-element_type=\"widget\" data-widget_type=\"spacer.default\">\n\t\t\t\t<div class=\"elementor-widget-container\">\n\t\t\t\t\t<div class=\"elementor-spacer\">\n\t\t\t<div class=\"elementor-spacer-inner\"><\/div>\n\t\t<\/div>\n\t\t\t\t<\/div>\n\t\t\t\t<\/div>\n\t\t\t\t<div class=\"elementor-element elementor-element-13318dc elementor-widget elementor-widget-shortcode\" data-id=\"13318dc\" data-element_type=\"widget\" data-widget_type=\"shortcode.default\">\n\t\t\t\t<div class=\"elementor-widget-container\">\n\t\t\t\t\t<div class=\"elementor-shortcode\"><div role=\"form\" class=\"wpcf7\" id=\"wpcf7-f3023-o1\" lang=\"pl-PL\" dir=\"ltr\">\n<div class=\"screen-reader-response\"><\/div>\n<form action=\"\/en\/wp-json\/wp\/v2\/pages\/3021#wpcf7-f3023-o1\" method=\"post\" class=\"wpcf7-form\" novalidate=\"novalidate\" data-trp-original-action=\"\/en\/wp-json\/wp\/v2\/pages\/3021#wpcf7-f3023-o1\">\n<div style=\"display: none;\">\n<input type=\"hidden\" name=\"_wpcf7\" value=\"3023\" \/>\n<input type=\"hidden\" name=\"_wpcf7_version\" value=\"5.1.4\" \/>\n<input type=\"hidden\" name=\"_wpcf7_locale\" value=\"pl_PL\" \/>\n<input type=\"hidden\" name=\"_wpcf7_unit_tag\" value=\"wpcf7-f3023-o1\" \/>\n<input type=\"hidden\" name=\"_wpcf7_container_post\" value=\"0\" \/>\n<input type=\"hidden\" name=\"g-recaptcha-response\" value=\"\" \/>\n<\/div>\n<p><label> Firmenname (erforderlich)<br \/>\n    <span class=\"wpcf7-form-control-wrap nazwa-firmy\"><input type=\"text\" name=\"nazwa-firmy\" value=\"\" size=\"40\" class=\"wpcf7-form-control wpcf7-text wpcf7-validates-as-required\" aria-required=\"true\" aria-invalid=\"false\" \/><\/span> <\/label><\/p>\n<p><label> Ansprechpartner (erforderlich)<br \/>\n    <span class=\"wpcf7-form-control-wrap osoba-kontaktowa\"><input type=\"text\" name=\"osoba-kontaktowa\" value=\"\" size=\"40\" class=\"wpcf7-form-control wpcf7-text wpcf7-validates-as-required\" aria-required=\"true\" aria-invalid=\"false\" \/><\/span> <\/label><\/p>\n<p><label> Telefonnummer (erforderlich)<br \/>\n    <span class=\"wpcf7-form-control-wrap numer-telefonu\"><input type=\"tel\" name=\"numer-telefonu\" value=\"\" size=\"40\" class=\"wpcf7-form-control wpcf7-text wpcf7-tel wpcf7-validates-as-required wpcf7-validates-as-tel\" aria-required=\"true\" aria-invalid=\"false\" \/><\/span> <\/label><\/p>\n<p><label> E-Mail-Adresse (erforderlich)<br \/>\n    <span class=\"wpcf7-form-control-wrap adres-email\"><input type=\"email\" name=\"adres-email\" value=\"\" size=\"40\" class=\"wpcf7-form-control wpcf7-text wpcf7-email wpcf7-validates-as-required wpcf7-validates-as-email\" aria-required=\"true\" aria-invalid=\"false\" \/><\/span> <\/label><\/p>\n<p><label> Webseite<br \/>\n    <span class=\"wpcf7-form-control-wrap strona-www\"><input type=\"text\" name=\"strona-www\" value=\"\" size=\"40\" class=\"wpcf7-form-control wpcf7-text\" aria-invalid=\"false\" \/><\/span> <\/label><\/p>\n<p>Kranmodell<br \/>\n<span class=\"wpcf7-form-control-wrap model-zurawia\"><select name=\"model-zurawia\" class=\"wpcf7-form-control wpcf7-select wpcf7-validates-as-required\" aria-required=\"true\" aria-invalid=\"false\"><option value=\"\">---<\/option><option value=\"KR 15 RAPID\">KR 15 RAPID<\/option><option value=\"KR 96-5 FT\">KR 96-5 FT<\/option><option value=\"KR 96-6 FT\">KR 96-6 FT<\/option><option value=\"KR 160-5 FT\">KR 160-5 FT<\/option><option value=\"KR 160-8 FT\">KR 160-8 FT<\/option><option value=\"KR 220-8 FT\">KR 220-8 FT<\/option><option value=\"KR 220-10 FT\">KR 220-10 FT<\/option><option value=\"KR 320-10 FT\">KR 320-10 FT<\/option><option value=\"KR 320-16 FT\">KR 320-16 FT<\/option><option value=\"KR 420-16 HH\">KR 420-16 HH<\/option><option value=\"KR 420-20 HH\">KR 420-20 HH<\/option><option value=\"KR-L 160-10\">KR-L 160-10<\/option><option value=\"KR-L 320-16\">KR-L 320-16<\/option><option value=\"KR-L 320-20\">KR-L 320-20<\/option><option value=\"KR-L 420-20\">KR-L 420-20<\/option><option value=\"KR-L 420-32\">KR-L 420-32<\/option><\/select><\/span> <\/p>\n<p><label> H\u00f6he zum Haken [m]<br \/>\n<span class=\"wpcf7-form-control-wrap wysokosc-do-haka\"><input type=\"number\" name=\"wysokosc-do-haka\" value=\"\" class=\"wpcf7-form-control wpcf7-number wpcf7-validates-as-number\" aria-invalid=\"false\" \/><\/span> <\/label><\/p>\n<p>Art des Fundaments<br \/>\n<span class=\"wpcf7-form-control-wrap rodzaj-posadowienia\"><select name=\"rodzaj-posadowienia\" class=\"wpcf7-form-control wpcf7-select wpcf7-validates-as-required\" aria-required=\"true\" aria-invalid=\"false\"><option value=\"\">---<\/option><option value=\"Fundamentanker\">Fundamentanker<\/option><option value=\"Fundamentkreuz\">Fundamentkreuz<\/option><\/select><\/span> <\/p>\n<p><span class=\"wpcf7-form-control-wrap opcje-do-wybrania\"><span class=\"wpcf7-form-control wpcf7-checkbox\"><span class=\"wpcf7-list-item first\"><input type=\"checkbox\" name=\"opcje-do-wybrania[]\" value=\"Funksteuerung\" \/><span class=\"wpcf7-list-item-label\">Funksteuerung<\/span><\/span><span class=\"wpcf7-list-item\"><input type=\"checkbox\" name=\"opcje-do-wybrania[]\" value=\"Zusatzheizung mit L\u00fcfter (2 kW)\" \/><span class=\"wpcf7-list-item-label\">Zusatzheizung mit L\u00fcfter (2 kW)<\/span><\/span><span class=\"wpcf7-list-item\"><input type=\"checkbox\" name=\"opcje-do-wybrania[]\" value=\"Flugwarnleuchten\" \/><span class=\"wpcf7-list-item-label\">Flugwarnleuchten<\/span><\/span><span class=\"wpcf7-list-item\"><input type=\"checkbox\" name=\"opcje-do-wybrania[]\" value=\"LED-Baustellenbeleuchtung 3 x 24 000 lm (600W)\" \/><span class=\"wpcf7-list-item-label\">LED-Baustellenbeleuchtung 3 x 24 000 lm (600W)<\/span><\/span><span class=\"wpcf7-list-item\"><input type=\"checkbox\" name=\"opcje-do-wybrania[]\" value=\"\u00dcberwachung der Qualit\u00e4t von Stromversorgung (standardm\u00e4\u00dfig in NT Modellen)\" \/><span class=\"wpcf7-list-item-label\">\u00dcberwachung der Qualit\u00e4t von Stromversorgung (standardm\u00e4\u00dfig in NT Modellen)<\/span><\/span><span class=\"wpcf7-list-item\"><input type=\"checkbox\" name=\"opcje-do-wybrania[]\" value=\"Fernwartung KR-Online (standardm\u00e4\u00dfig in NT Modellen)\" \/><span class=\"wpcf7-list-item-label\">Fernwartung KR-Online (standardm\u00e4\u00dfig in NT Modellen)<\/span><\/span><span class=\"wpcf7-list-item\"><input type=\"checkbox\" name=\"opcje-do-wybrania[]\" value=\"Werbetafel 2 Stk Masse 2x0,35m LED beleuchtet am Gegenausleger\" \/><span class=\"wpcf7-list-item-label\">Werbetafel 2 Stk Masse 2x0,35m LED beleuchtet am Gegenausleger<\/span><\/span><span class=\"wpcf7-list-item\"><input type=\"checkbox\" name=\"opcje-do-wybrania[]\" value=\"Werbetafel 1 Stk Masse 2x0,95 m LED beleuchtet an der Kabine\" \/><span class=\"wpcf7-list-item-label\">Werbetafel 1 Stk Masse 2x0,95 m LED beleuchtet an der Kabine<\/span><\/span><span class=\"wpcf7-list-item\"><input type=\"checkbox\" name=\"opcje-do-wybrania[]\" value=\"LED-Bildschirm 1 Stk Masse 2x0,95 m an der Kabine, RGB\" \/><span class=\"wpcf7-list-item-label\">LED-Bildschirm 1 Stk Masse 2x0,95 m an der Kabine, RGB<\/span><\/span><span class=\"wpcf7-list-item\"><input type=\"checkbox\" name=\"opcje-do-wybrania[]\" value=\"Podest und Gel\u00e4nder in Niro Ausf\u00fchrung\" \/><span class=\"wpcf7-list-item-label\">Podest und Gel\u00e4nder in Niro Ausf\u00fchrung<\/span><\/span><span class=\"wpcf7-list-item last\"><input type=\"checkbox\" name=\"opcje-do-wybrania[]\" value=\"Turmmontage-Podeste 2 Stk feuerverzinkt f\u00fcr TS10\/TS19\" \/><span class=\"wpcf7-list-item-label\">Turmmontage-Podeste 2 Stk feuerverzinkt f\u00fcr TS10\/TS19<\/span><\/span><\/span><\/span><\/p>\n<p><input type=\"submit\" value=\"einreichen\" class=\"wpcf7-form-control wpcf7-submit\" \/><\/p>\n<input type='hidden' class='wpcf7-pum' value='{\"closepopup\":false,\"closedelay\":0,\"openpopup\":false,\"openpopup_id\":0}' \/><div class=\"wpcf7-response-output wpcf7-display-none\"><\/div><input type=\"hidden\" name=\"trp-form-language\" value=\"en\"\/><\/form><\/div><\/div>\n\t\t\t\t<\/div>\n\t\t\t\t<\/div>\n\t\t\t\t<div class=\"elementor-element elementor-element-8f676a2 elementor-widget elementor-widget-spacer\" data-id=\"8f676a2\" data-element_type=\"widget\" data-widget_type=\"spacer.default\">\n\t\t\t\t<div class=\"elementor-widget-container\">\n\t\t\t\t\t<div class=\"elementor-spacer\">\n\t\t\t<div class=\"elementor-spacer-inner\"><\/div>\n\t\t<\/div>\n\t\t\t\t<\/div>\n\t\t\t\t<\/div>\n\t\t\t\t\t\t<\/div>\n\t\t\t<\/div>\n\t\t<\/div>\n\t\t\t\t\t\t<\/div>\n\t\t\t<\/div>\n\t\t<\/section>\n\t\t\t\t\t\t<\/div>\n\t\t\t<\/div>\n\t\t<\/div>","protected":false},"excerpt":{"rendered":"","protected":false},"author":4,"featured_media":0,"parent":0,"menu_order":0,"comment_status":"closed","ping_status":"closed","template":"","meta":[],"_links":{"self":[{"href":"https:\/\/de.krupinskicranes.com\/en\/wp-json\/wp\/v2\/pages\/3021"}],"collection":[{"href":"https:\/\/de.krupinskicranes.com\/en\/wp-json\/wp\/v2\/pages"}],"about":[{"href":"https:\/\/de.krupinskicranes.com\/en\/wp-json\/wp\/v2\/types\/page"}],"author":[{"embeddable":true,"href":"https:\/\/de.krupinskicranes.com\/en\/wp-json\/wp\/v2\/users\/4"}],"replies":[{"embeddable":true,"href":"https:\/\/de.krupinskicranes.com\/en\/wp-json\/wp\/v2\/comments?post=3021"}],"version-history":[{"count":6,"href":"https:\/\/de.krupinskicranes.com\/en\/wp-json\/wp\/v2\/pages\/3021\/revisions"}],"predecessor-version":[{"id":3682,"href":"https:\/\/de.krupinskicranes.com\/en\/wp-json\/wp\/v2\/pages\/3021\/revisions\/3682"}],"wp:attachment":[{"href":"https:\/\/de.krupinskicranes.com\/en\/wp-json\/wp\/v2\/media?parent=3021"}],"curies":[{"name":"wp","href":"https:\/\/api.w.org\/{rel}","templated":true}]}}