{"id":2652,"date":"2019-05-13T03:20:56","date_gmt":"2019-05-13T01:20:56","guid":{"rendered":"https:\/\/de.krupinskicranes.com\/?page_id=2652"},"modified":"2022-07-26T12:31:54","modified_gmt":"2022-07-26T10:31:54","slug":"services","status":"publish","type":"page","link":"https:\/\/de.krupinskicranes.com\/en\/services\/","title":{"rendered":"Dienstleistungen"},"content":{"rendered":"<div data-elementor-type=\"wp-post\" data-elementor-id=\"2652\" class=\"elementor elementor-2652\" data-elementor-settings=\"[]\">\n\t\t\t<div class=\"elementor-inner\">\n\t\t\t\t<div class=\"elementor-section-wrap\">\n\t\t\t\t\t\t\t<section class=\"elementor-element elementor-element-7e3b0eb elementor-section-boxed elementor-section-height-default elementor-section-height-default elementor-section elementor-top-section\" data-id=\"7e3b0eb\" data-element_type=\"section\">\n\t\t\t\t\t\t<div class=\"elementor-container elementor-column-gap-default\">\n\t\t\t\t<div class=\"elementor-row\">\n\t\t\t\t<div class=\"elementor-element elementor-element-8cc2852 elementor-column elementor-col-100 elementor-top-column\" data-id=\"8cc2852\" data-element_type=\"column\">\n\t\t\t<div class=\"elementor-column-wrap  elementor-element-populated\">\n\t\t\t\t\t<div class=\"elementor-widget-wrap\">\n\t\t\t\t<div class=\"elementor-element elementor-element-ee4b1ea elementor-widget elementor-widget-spacer\" data-id=\"ee4b1ea\" data-element_type=\"widget\" data-widget_type=\"spacer.default\">\n\t\t\t\t<div class=\"elementor-widget-container\">\n\t\t\t\t\t<div class=\"elementor-spacer\">\n\t\t\t<div class=\"elementor-spacer-inner\"><\/div>\n\t\t<\/div>\n\t\t\t\t<\/div>\n\t\t\t\t<\/div>\n\t\t\t\t<div class=\"elementor-element elementor-element-5bf5f38 fontc elementor-widget elementor-widget-heading\" data-id=\"5bf5f38\" data-element_type=\"widget\" data-widget_type=\"heading.default\">\n\t\t\t\t<div class=\"elementor-widget-container\">\n\t\t\t<h2 class=\"elementor-heading-title elementor-size-default\">Krupinski Cranes company offers<\/h2>\t\t<\/div>\n\t\t\t\t<\/div>\n\t\t\t\t<div class=\"elementor-element elementor-element-8de2b61 fontc elementor-widget elementor-widget-heading\" data-id=\"8de2b61\" data-element_type=\"widget\" data-widget_type=\"heading.default\">\n\t\t\t\t<div class=\"elementor-widget-container\">\n\t\t\t<h5 class=\"elementor-heading-title elementor-size-default\">Service\n\n<\/h5>\t\t<\/div>\n\t\t\t\t<\/div>\n\t\t\t\t<div class=\"elementor-element elementor-element-69c9024 fontc elementor-widget elementor-widget-text-editor\" data-id=\"69c9024\" data-element_type=\"widget\" data-widget_type=\"text-editor.default\">\n\t\t\t\t<div class=\"elementor-widget-container\">\n\t\t\t\t\t<div class=\"elementor-text-editor elementor-clearfix\"><p>Krupinski Cranes bietet den Kunden Pre- und After-Sales Kundendienst. Wir beraten unsere Kunden um gezielt einen Kran f\u00fcr die Anspr\u00fcche ihrer Aufgaben zu konfigurieren und sichern den Zugang zu Ersatzteilen. Wir beraten nicht nur beim Kauf sondern auch bei der Montage sowie bei technischen Problemen. Jeder Kran ist standardm\u00e4\u00dfig mit einer zweij\u00e4hrigen Garantie ausgestattet, die einen Pre- und After-Sales Service sichert.<\/p><\/div>\n\t\t\t\t<\/div>\n\t\t\t\t<\/div>\n\t\t\t\t<div class=\"elementor-element elementor-element-9f17c69 fontc elementor-widget elementor-widget-heading\" data-id=\"9f17c69\" data-element_type=\"widget\" data-widget_type=\"heading.default\">\n\t\t\t\t<div class=\"elementor-widget-container\">\n\t\t\t<h5 class=\"elementor-heading-title elementor-size-default\">&quot;KR ONLINE\u00ae&quot; SYSTEM UND &quot;KR ONLINE\nSERVICE\u00ae&quot;<\/h5>\t\t<\/div>\n\t\t\t\t<\/div>\n\t\t\t\t<div class=\"elementor-element elementor-element-e1803e5 elementor-widget elementor-widget-text-editor\" data-id=\"e1803e5\" data-element_type=\"widget\" data-widget_type=\"text-editor.default\">\n\t\t\t\t<div class=\"elementor-widget-container\">\n\t\t\t\t\t<div class=\"elementor-text-editor elementor-clearfix\"><p style=\"text-align: justify;\">Jeder unserer Kr\u00e4ne kann optional mit einem Fernwartungssystem ausgestattet werden, das eine Diagnose der Probleme zeitnah erm\u00f6glicht, den Ursprung ermittelt sowie Anhaltspunkte zur Behebung liefert. Das System erm\u00f6glicht es auch die Programmierung des Krans auf den neuesten Stand zu bringen sowie den Betriebsverlauf zu pr\u00fcfen. W\u00e4hrend der ersten 12 Monate nach dem Kauf haben unsere Kunden Anspruch auf die Pr\u00fcfung des Systems von unserer Seite. Wenn Sie den Kundendienst ben\u00f6tigen rufen Sie uns direkt an.<\/p><\/div>\n\t\t\t\t<\/div>\n\t\t\t\t<\/div>\n\t\t\t\t<div class=\"elementor-element elementor-element-3dd770e elementor-widget elementor-widget-heading\" data-id=\"3dd770e\" data-element_type=\"widget\" data-widget_type=\"heading.default\">\n\t\t\t\t<div class=\"elementor-widget-container\">\n\t\t\t<h5 class=\"elementor-heading-title elementor-size-default\">KONSTRUKTIONSABTEILUNG<\/h5>\t\t<\/div>\n\t\t\t\t<\/div>\n\t\t\t\t<div class=\"elementor-element elementor-element-41809a6 elementor-widget elementor-widget-text-editor\" data-id=\"41809a6\" data-element_type=\"widget\" data-widget_type=\"text-editor.default\">\n\t\t\t\t<div class=\"elementor-widget-container\">\n\t\t\t\t\t<div class=\"elementor-text-editor elementor-clearfix\"><p style=\"text-align: justify;\">Wir finden f\u00fcr Sie die optimale L\u00f6sung bei der Errichtung, Verankerung sowie die Anpassung von Standardl\u00f6sungen f\u00fcr besondere Anforderungen. Wir f\u00fchren f\u00fcr Sie Berechnungen zur Anpassung und eine technische Analyse durch.<\/p><\/div>\n\t\t\t\t<\/div>\n\t\t\t\t<\/div>\n\t\t\t\t<div class=\"elementor-element elementor-element-c711ecd elementor-widget elementor-widget-heading\" data-id=\"c711ecd\" data-element_type=\"widget\" data-widget_type=\"heading.default\">\n\t\t\t\t<div class=\"elementor-widget-container\">\n\t\t\t<h5 class=\"elementor-heading-title elementor-size-default\">KRANMONTAGE, REPARATUREN UND AUSSERORDENTLICHE INSPEKTIONEN\n<\/h5>\t\t<\/div>\n\t\t\t\t<\/div>\n\t\t\t\t<div class=\"elementor-element elementor-element-e3ee8bf elementor-widget elementor-widget-text-editor\" data-id=\"e3ee8bf\" data-element_type=\"widget\" data-widget_type=\"text-editor.default\">\n\t\t\t\t<div class=\"elementor-widget-container\">\n\t\t\t\t\t<div class=\"elementor-text-editor elementor-clearfix\"><p style=\"text-align: justify;\">Wir bieten einen \u00fcbergreifenden Montageservice, Reparatur und Inspektion an &#8211; beim Kauf k\u00f6nnen Sie uns den Montagebedarf mitteilen und wir montieren den Kran f\u00fcr Sie.  Im Falle von  Reparaturen, Str\u00f6rungen oder au\u00dferordentlicher Wartung und Standardinspektionen, rufen Sie uns an &#8211; unsere Serviceabteilung ist jederzeit f\u00fcr Sie erreichbar.<\/p><\/div>\n\t\t\t\t<\/div>\n\t\t\t\t<\/div>\n\t\t\t\t<div class=\"elementor-element elementor-element-67c97af elementor-widget elementor-widget-heading\" data-id=\"67c97af\" data-element_type=\"widget\" data-widget_type=\"heading.default\">\n\t\t\t\t<div class=\"elementor-widget-container\">\n\t\t\t<h5 class=\"elementor-heading-title elementor-size-default\">SERVICE LEBEN\n<\/h5>\t\t<\/div>\n\t\t\t\t<\/div>\n\t\t\t\t<div class=\"elementor-element elementor-element-7867cf5 elementor-widget elementor-widget-text-editor\" data-id=\"7867cf5\" data-element_type=\"widget\" data-widget_type=\"text-editor.default\">\n\t\t\t\t<div class=\"elementor-widget-container\">\n\t\t\t\t\t<div class=\"elementor-text-editor elementor-clearfix\"><p style=\"text-align: justify;\">Unsere Kr\u00e4ne sind mit einem System ausgestattet, welches automatisch die Betriebsdauer erfasst. Die Betriebsdauer wird gem\u00e4\u00df der neuen Bestimmungen festgehalten, so dass der Kunde die Daten nicht mehr selbst auslesen muss.  \n<\/p><\/div>\n\t\t\t\t<\/div>\n\t\t\t\t<\/div>\n\t\t\t\t<div class=\"elementor-element elementor-element-56ee9a0 elementor-widget elementor-widget-spacer\" data-id=\"56ee9a0\" data-element_type=\"widget\" data-widget_type=\"spacer.default\">\n\t\t\t\t<div class=\"elementor-widget-container\">\n\t\t\t\t\t<div class=\"elementor-spacer\">\n\t\t\t<div class=\"elementor-spacer-inner\"><\/div>\n\t\t<\/div>\n\t\t\t\t<\/div>\n\t\t\t\t<\/div>\n\t\t\t\t\t\t<\/div>\n\t\t\t<\/div>\n\t\t<\/div>\n\t\t\t\t\t\t<\/div>\n\t\t\t<\/div>\n\t\t<\/section>\n\t\t\t\t<section class=\"elementor-element elementor-element-b544102 elementor-section-boxed elementor-section-height-default elementor-section-height-default elementor-section elementor-top-section\" data-id=\"b544102\" data-element_type=\"section\">\n\t\t\t\t\t\t<div class=\"elementor-container elementor-column-gap-default\">\n\t\t\t\t<div class=\"elementor-row\">\n\t\t\t\t<div class=\"elementor-element elementor-element-4fe36a1 elementor-column elementor-col-50 elementor-top-column\" data-id=\"4fe36a1\" data-element_type=\"column\">\n\t\t\t<div class=\"elementor-column-wrap  elementor-element-populated\">\n\t\t\t\t\t<div class=\"elementor-widget-wrap\">\n\t\t\t\t<div class=\"elementor-element elementor-element-9b813e0 elementor-widget elementor-widget-image\" data-id=\"9b813e0\" data-element_type=\"widget\" data-widget_type=\"image.default\">\n\t\t\t\t<div class=\"elementor-widget-container\">\n\t\t\t\t\t<div class=\"elementor-image\">\n\t\t\t\t\t\t\t\t\t\t<img width=\"1024\" height=\"768\" src=\"https:\/\/de.krupinskicranes.com\/wp-content\/uploads\/2021\/01\/IMG_8688-1024x768.jpg\" class=\"attachment-large size-large\" alt=\"\" loading=\"lazy\" srcset=\"https:\/\/de.krupinskicranes.com\/wp-content\/uploads\/2021\/01\/IMG_8688-1024x768.jpg 1024w, https:\/\/de.krupinskicranes.com\/wp-content\/uploads\/2021\/01\/IMG_8688-300x225.jpg 300w, https:\/\/de.krupinskicranes.com\/wp-content\/uploads\/2021\/01\/IMG_8688-768x576.jpg 768w, https:\/\/de.krupinskicranes.com\/wp-content\/uploads\/2021\/01\/IMG_8688-1536x1152.jpg 1536w, https:\/\/de.krupinskicranes.com\/wp-content\/uploads\/2021\/01\/IMG_8688-560x420.jpg 560w, https:\/\/de.krupinskicranes.com\/wp-content\/uploads\/2021\/01\/IMG_8688-100x76.jpg 100w, https:\/\/de.krupinskicranes.com\/wp-content\/uploads\/2021\/01\/IMG_8688-270x203.jpg 270w, https:\/\/de.krupinskicranes.com\/wp-content\/uploads\/2021\/01\/IMG_8688-370x278.jpg 370w, https:\/\/de.krupinskicranes.com\/wp-content\/uploads\/2021\/01\/IMG_8688-420x316.jpg 420w, https:\/\/de.krupinskicranes.com\/wp-content\/uploads\/2021\/01\/IMG_8688-480x361.jpg 480w, https:\/\/de.krupinskicranes.com\/wp-content\/uploads\/2021\/01\/IMG_8688-570x428.jpg 570w, https:\/\/de.krupinskicranes.com\/wp-content\/uploads\/2021\/01\/IMG_8688-770x578.jpg 770w, https:\/\/de.krupinskicranes.com\/wp-content\/uploads\/2021\/01\/IMG_8688-400x300.jpg 400w, https:\/\/de.krupinskicranes.com\/wp-content\/uploads\/2021\/01\/IMG_8688-900x675.jpg 900w, https:\/\/de.krupinskicranes.com\/wp-content\/uploads\/2021\/01\/IMG_8688-1440x1080.jpg 1440w, https:\/\/de.krupinskicranes.com\/wp-content\/uploads\/2021\/01\/IMG_8688.jpg 2016w\" sizes=\"(max-width: 1024px) 100vw, 1024px\" \/>\t\t\t\t\t\t\t\t\t\t\t<\/div>\n\t\t\t\t<\/div>\n\t\t\t\t<\/div>\n\t\t\t\t\t\t<\/div>\n\t\t\t<\/div>\n\t\t<\/div>\n\t\t\t\t<div class=\"elementor-element elementor-element-e9bb259 elementor-column elementor-col-50 elementor-top-column\" data-id=\"e9bb259\" data-element_type=\"column\">\n\t\t\t<div class=\"elementor-column-wrap  elementor-element-populated\">\n\t\t\t\t\t<div class=\"elementor-widget-wrap\">\n\t\t\t\t<div class=\"elementor-element elementor-element-fe4df29 elementor-widget elementor-widget-image\" data-id=\"fe4df29\" data-element_type=\"widget\" data-widget_type=\"image.default\">\n\t\t\t\t<div class=\"elementor-widget-container\">\n\t\t\t\t\t<div class=\"elementor-image\">\n\t\t\t\t\t\t\t\t\t\t<img width=\"1024\" height=\"768\" src=\"https:\/\/de.krupinskicranes.com\/wp-content\/uploads\/2021\/01\/IMG_8690-1024x768.jpg\" class=\"attachment-large size-large\" alt=\"\" loading=\"lazy\" srcset=\"https:\/\/de.krupinskicranes.com\/wp-content\/uploads\/2021\/01\/IMG_8690-1024x768.jpg 1024w, https:\/\/de.krupinskicranes.com\/wp-content\/uploads\/2021\/01\/IMG_8690-300x225.jpg 300w, https:\/\/de.krupinskicranes.com\/wp-content\/uploads\/2021\/01\/IMG_8690-768x576.jpg 768w, https:\/\/de.krupinskicranes.com\/wp-content\/uploads\/2021\/01\/IMG_8690-1536x1152.jpg 1536w, https:\/\/de.krupinskicranes.com\/wp-content\/uploads\/2021\/01\/IMG_8690-560x420.jpg 560w, https:\/\/de.krupinskicranes.com\/wp-content\/uploads\/2021\/01\/IMG_8690-100x76.jpg 100w, https:\/\/de.krupinskicranes.com\/wp-content\/uploads\/2021\/01\/IMG_8690-270x203.jpg 270w, https:\/\/de.krupinskicranes.com\/wp-content\/uploads\/2021\/01\/IMG_8690-370x278.jpg 370w, https:\/\/de.krupinskicranes.com\/wp-content\/uploads\/2021\/01\/IMG_8690-420x316.jpg 420w, https:\/\/de.krupinskicranes.com\/wp-content\/uploads\/2021\/01\/IMG_8690-480x361.jpg 480w, https:\/\/de.krupinskicranes.com\/wp-content\/uploads\/2021\/01\/IMG_8690-570x428.jpg 570w, https:\/\/de.krupinskicranes.com\/wp-content\/uploads\/2021\/01\/IMG_8690-770x578.jpg 770w, https:\/\/de.krupinskicranes.com\/wp-content\/uploads\/2021\/01\/IMG_8690-400x300.jpg 400w, https:\/\/de.krupinskicranes.com\/wp-content\/uploads\/2021\/01\/IMG_8690-900x675.jpg 900w, https:\/\/de.krupinskicranes.com\/wp-content\/uploads\/2021\/01\/IMG_8690-1440x1080.jpg 1440w, https:\/\/de.krupinskicranes.com\/wp-content\/uploads\/2021\/01\/IMG_8690.jpg 2016w\" sizes=\"(max-width: 1024px) 100vw, 1024px\" \/>\t\t\t\t\t\t\t\t\t\t\t<\/div>\n\t\t\t\t<\/div>\n\t\t\t\t<\/div>\n\t\t\t\t\t\t<\/div>\n\t\t\t<\/div>\n\t\t<\/div>\n\t\t\t\t\t\t<\/div>\n\t\t\t<\/div>\n\t\t<\/section>\n\t\t\t\t<section class=\"elementor-element elementor-element-1e4f236 elementor-section-boxed elementor-section-height-default elementor-section-height-default elementor-section elementor-top-section\" data-id=\"1e4f236\" data-element_type=\"section\">\n\t\t\t\t\t\t<div class=\"elementor-container elementor-column-gap-default\">\n\t\t\t\t<div class=\"elementor-row\">\n\t\t\t\t<div class=\"elementor-element elementor-element-133908a elementor-column elementor-col-100 elementor-top-column\" data-id=\"133908a\" data-element_type=\"column\">\n\t\t\t<div class=\"elementor-column-wrap  elementor-element-populated\">\n\t\t\t\t\t<div class=\"elementor-widget-wrap\">\n\t\t\t\t<div class=\"elementor-element elementor-element-34364dd elementor-widget elementor-widget-spacer\" data-id=\"34364dd\" data-element_type=\"widget\" data-widget_type=\"spacer.default\">\n\t\t\t\t<div class=\"elementor-widget-container\">\n\t\t\t\t\t<div class=\"elementor-spacer\">\n\t\t\t<div class=\"elementor-spacer-inner\"><\/div>\n\t\t<\/div>\n\t\t\t\t<\/div>\n\t\t\t\t<\/div>\n\t\t\t\t\t\t<\/div>\n\t\t\t<\/div>\n\t\t<\/div>\n\t\t\t\t\t\t<\/div>\n\t\t\t<\/div>\n\t\t<\/section>\n\t\t\t\t\t\t<\/div>\n\t\t\t<\/div>\n\t\t<\/div>","protected":false},"excerpt":{"rendered":"<p>Krupinski Cranes company offers Service Krupinski Cranes bietet den Kunden Pre- und After-Sales Kundendienst. Wir beraten unsere Kunden um gezielt einen Kran f\u00fcr die Anspr\u00fcche ihrer Aufgaben zu konfigurieren und sichern den Zugang zu Ersatzteilen. Wir beraten nicht nur beim Kauf sondern auch bei der Montage sowie bei technischen Problemen. Jeder Kran ist standardm\u00e4\u00dfig mit &hellip;<\/p>","protected":false},"author":4,"featured_media":0,"parent":0,"menu_order":0,"comment_status":"closed","ping_status":"closed","template":"","meta":[],"_links":{"self":[{"href":"https:\/\/de.krupinskicranes.com\/en\/wp-json\/wp\/v2\/pages\/2652"}],"collection":[{"href":"https:\/\/de.krupinskicranes.com\/en\/wp-json\/wp\/v2\/pages"}],"about":[{"href":"https:\/\/de.krupinskicranes.com\/en\/wp-json\/wp\/v2\/types\/page"}],"author":[{"embeddable":true,"href":"https:\/\/de.krupinskicranes.com\/en\/wp-json\/wp\/v2\/users\/4"}],"replies":[{"embeddable":true,"href":"https:\/\/de.krupinskicranes.com\/en\/wp-json\/wp\/v2\/comments?post=2652"}],"version-history":[{"count":36,"href":"https:\/\/de.krupinskicranes.com\/en\/wp-json\/wp\/v2\/pages\/2652\/revisions"}],"predecessor-version":[{"id":3692,"href":"https:\/\/de.krupinskicranes.com\/en\/wp-json\/wp\/v2\/pages\/2652\/revisions\/3692"}],"wp:attachment":[{"href":"https:\/\/de.krupinskicranes.com\/en\/wp-json\/wp\/v2\/media?parent=2652"}],"curies":[{"name":"wp","href":"https:\/\/api.w.org\/{rel}","templated":true}]}}